{"id":23220,"date":"2026-01-20T12:11:27","date_gmt":"2026-01-20T12:11:27","guid":{"rendered":"https:\/\/zibo.nl\/bandes-tamiseuses-zibo\/demandez-le-catalogue-ici\/"},"modified":"2026-04-21T09:30:47","modified_gmt":"2026-04-21T09:30:47","slug":"demandez-le-catalogue-ici","status":"publish","type":"page","link":"https:\/\/zibo.nl\/fr\/bandes-tamiseuses-zibo\/demandez-le-catalogue-ici\/","title":{"rendered":"Demandez le catalogue ici"},"content":{"rendered":"\n<h1>\n\t\t\tTitre\t<\/h1>\n\t<p>Depuis plus de 50 ans, Zinger Mechanisatie se positionne comme fournisseur sp\u00e9cialis\u00e9 dans les tapis de tamisage pour machines agricoles et horticoles. Les tapis de tamisage sont \u00e9galement utilis\u00e9s dans d&rsquo;autres secteurs d&rsquo;activit\u00e9, comme la p\u00eache et l&rsquo;industrie.<\/p>\n<p>Dans ce catalogue, vous trouverez notre offre compl\u00e8te en tapis de tamisage, convoyeurs, pignons d&rsquo;entra\u00eenement, galets de support, accessoires et pi\u00e8ces de rechange.<\/p>\n\t<!-- SharpSpring Form for Aanvraag_Zeefbanden_Catalogus  -->\n<figure itemscope itemtype=\"https:\/\/schema.org\/ImageObject\">\n\t\t\t\t<img decoding=\"async\" src=\"https:\/\/zibo.nl\/wp-content\/uploads\/2026\/01\/Zibo_catalogus-mockup-e1768917683219.png\" alt=\"Zibo_catalogus-mockup\" height=\"720\" width=\"1080\" title=\"Zibo_catalogus-mockup\" onerror=\"this.style.display='none'\" loading=\"lazy\" \/>\n\t<\/figure>\n\n","protected":false},"excerpt":{"rendered":"<p>Titre Depuis plus de 50 ans, Zinger Mechanisatie se positionne comme fournisseur sp\u00e9cialis\u00e9 dans les tapis de tamisage pour machines agricoles et horticoles. Les tapis de tamisage sont \u00e9galement utilis\u00e9s dans d&rsquo;autres secteurs d&rsquo;activit\u00e9, comme la p\u00eache et l&rsquo;industrie. Dans ce catalogue, vous trouverez notre offre compl\u00e8te en tapis de tamisage, convoyeurs, pignons d&rsquo;entra\u00eenement, galets&hellip;<\/p>\n","protected":false},"author":1,"featured_media":23105,"parent":23201,"menu_order":0,"comment_status":"closed","ping_status":"closed","template":"","meta":{"_acf_changed":false,"footnotes":""},"class_list":["post-23220","page","type-page","status-publish","has-post-thumbnail","hentry"],"acf":[],"_links":{"self":[{"href":"https:\/\/zibo.nl\/fr\/wp-json\/wp\/v2\/pages\/23220","targetHints":{"allow":["GET"]}}],"collection":[{"href":"https:\/\/zibo.nl\/fr\/wp-json\/wp\/v2\/pages"}],"about":[{"href":"https:\/\/zibo.nl\/fr\/wp-json\/wp\/v2\/types\/page"}],"author":[{"embeddable":true,"href":"https:\/\/zibo.nl\/fr\/wp-json\/wp\/v2\/users\/1"}],"replies":[{"embeddable":true,"href":"https:\/\/zibo.nl\/fr\/wp-json\/wp\/v2\/comments?post=23220"}],"version-history":[{"count":3,"href":"https:\/\/zibo.nl\/fr\/wp-json\/wp\/v2\/pages\/23220\/revisions"}],"predecessor-version":[{"id":23539,"href":"https:\/\/zibo.nl\/fr\/wp-json\/wp\/v2\/pages\/23220\/revisions\/23539"}],"up":[{"embeddable":true,"href":"https:\/\/zibo.nl\/fr\/wp-json\/wp\/v2\/pages\/23201"}],"wp:featuredmedia":[{"embeddable":true,"href":"https:\/\/zibo.nl\/fr\/wp-json\/wp\/v2\/media\/23105"}],"wp:attachment":[{"href":"https:\/\/zibo.nl\/fr\/wp-json\/wp\/v2\/media?parent=23220"}],"curies":[{"name":"wp","href":"https:\/\/api.w.org\/{rel}","templated":true}]}}