{"id":23205,"date":"2026-01-06T15:46:06","date_gmt":"2026-01-06T15:46:06","guid":{"rendered":"https:\/\/zibo.nl\/bandes-tamiseuses-zibo\/pieces-detachees\/"},"modified":"2026-03-11T08:56:20","modified_gmt":"2026-03-11T08:56:20","slug":"pieces-detachees","status":"publish","type":"page","link":"https:\/\/zibo.nl\/fr\/bandes-tamiseuses-zibo\/pieces-detachees\/","title":{"rendered":"Pi\u00e8ces d\u00e9tach\u00e9es"},"content":{"rendered":"\n<h1>\n\t\t\tTitel\t<\/h1>\n\t\t<figure itemscope itemtype=\"https:\/\/schema.org\/ImageObject\">\n\t\t\t\t<a href=\"https:\/\/zibo.nl\/zibo-zeefbanden\/onderdelen\/riemen\/\"  target=\"_self\" itemprop=\"url\">\n\t\t\t\t<img decoding=\"async\" src=\"https:\/\/zibo.nl\/wp-content\/uploads\/bb-plugin\/cache\/Zibo_Riemen-landscape-39b44c9db232d1fbe4b2618b77529441-.jpg\" alt=\"Zibo_Riemen\" height=\"258\" width=\"700\" title=\"Zibo_Riemen\" onerror=\"this.style.display='none'\" loading=\"lazy\" \/>\n\t\t\t\t<\/a>\n\t<\/figure>\n<h3><a href=\"https:\/\/zibo.nl\/zibo-zeefbanden\/onderdelen\/riemen\/\" target=\"_self\">Riemen<\/a><\/h3>\t\n\t\t<figure itemscope itemtype=\"https:\/\/schema.org\/ImageObject\">\n\t\t\t\t<a href=\"https:\/\/zibo.nl\/zibo-zeefbanden\/onderdelen\/staven\/\"  target=\"_self\" itemprop=\"url\">\n\t\t\t\t<img decoding=\"async\" src=\"https:\/\/zibo.nl\/wp-content\/uploads\/bb-plugin\/cache\/Zibo_Staven-landscape-532f92664b1d77fb2e662860362cf948-.jpg\" alt=\"Zibo_Staven\" height=\"258\" width=\"700\" title=\"Zibo_Staven\" onerror=\"this.style.display='none'\" loading=\"lazy\" \/>\n\t\t\t\t<\/a>\n\t<\/figure>\n<h3><a href=\"https:\/\/zibo.nl\/zibo-zeefbanden\/onderdelen\/staven\/\" target=\"_self\">Staven<\/a><\/h3>\t\n\t\t<figure itemscope itemtype=\"https:\/\/schema.org\/ImageObject\">\n\t\t\t\t<a href=\"https:\/\/zibo.nl\/zibo-zeefbanden\/onderdelen\/bekleding\/\"  target=\"_self\" itemprop=\"url\">\n\t\t\t\t<img decoding=\"async\" src=\"https:\/\/zibo.nl\/wp-content\/uploads\/bb-plugin\/cache\/Zibo_Bekleding-landscape-dc5cd86b076b1eb7ed11fd8404439691-.jpg\" alt=\"Zibo_Bekleding\" height=\"258\" width=\"700\" title=\"Zibo_Bekleding\" onerror=\"this.style.display='none'\" loading=\"lazy\" \/>\n\t\t\t\t<\/a>\n\t<\/figure>\n<h3><a href=\"https:\/\/zibo.nl\/zibo-zeefbanden\/onderdelen\/bekleding\/\" target=\"_self\">Bekleding<\/a><\/h3>\t\n\t\t<figure itemscope itemtype=\"https:\/\/schema.org\/ImageObject\">\n\t\t\t\t<a href=\"https:\/\/zibo.nl\/zibo-zeefbanden\/onderdelen\/meenemers\/\"  target=\"_self\" itemprop=\"url\">\n\t\t\t\t<img decoding=\"async\" src=\"https:\/\/zibo.nl\/wp-content\/uploads\/bb-plugin\/cache\/Zibo_Meenemers-landscape-557b2b6619f3e44f4ee9fb5656c441cb-.jpg\" alt=\"Zibo_Meenemers\" height=\"258\" width=\"700\" title=\"Zibo_Meenemers\" onerror=\"this.style.display='none'\" loading=\"lazy\" \/>\n\t\t\t\t<\/a>\n\t<\/figure>\n<h3><a href=\"https:\/\/zibo.nl\/zibo-zeefbanden\/onderdelen\/meenemers\/\" target=\"_self\">Meenemers<\/a><\/h3>\t\n\t\t<figure itemscope itemtype=\"https:\/\/schema.org\/ImageObject\">\n\t\t\t\t<a href=\"https:\/\/zibo.nl\/zibo-zeefbanden\/onderdelen\/aandrijfwielen\/\"  target=\"_self\" itemprop=\"url\">\n\t\t\t\t<img decoding=\"async\" src=\"https:\/\/zibo.nl\/wp-content\/uploads\/bb-plugin\/cache\/Zibo_Aandrijfwielen-landscape-b9703fe73495f96a55edada5942b7790-.jpg\" alt=\"Zibo_Aandrijfwielen\" height=\"258\" width=\"700\" title=\"Zibo_Aandrijfwielen\" onerror=\"this.style.display='none'\" loading=\"lazy\" \/>\n\t\t\t\t<\/a>\n\t<\/figure>\n<h3><a href=\"https:\/\/zibo.nl\/zibo-zeefbanden\/onderdelen\/aandrijfwielen\/\" target=\"_self\">Aandrijfwielen<\/a><\/h3>\t\n\t\t<figure itemscope itemtype=\"https:\/\/schema.org\/ImageObject\">\n\t\t\t\t<a href=\"https:\/\/zibo.nl\/zibo-zeefbanden\/onderdelen\/sluitingen\/\"  target=\"_self\" itemprop=\"url\">\n\t\t\t\t<img decoding=\"async\" src=\"https:\/\/zibo.nl\/wp-content\/uploads\/bb-plugin\/cache\/Zibo_sluitingen-landscape-949e65869d67becf8ecfc8be0f3de8ed-.jpg\" alt=\"Zibo_sluitingen\" height=\"258\" width=\"700\" title=\"Zibo_sluitingen\" onerror=\"this.style.display='none'\" loading=\"lazy\" \/>\n\t\t\t\t<\/a>\n\t<\/figure>\n<h3><a href=\"https:\/\/zibo.nl\/zibo-zeefbanden\/onderdelen\/sluitingen\/\" target=\"_self\">Sluitingen<\/a><\/h3>\t\n\t\t<figure itemscope itemtype=\"https:\/\/schema.org\/ImageObject\">\n\t\t\t\t<a href=\"https:\/\/zibo.nl\/zibo-zeefbanden\/onderdelen\/rollen\/\"  target=\"_self\" itemprop=\"url\">\n\t\t\t\t<img decoding=\"async\" src=\"https:\/\/zibo.nl\/wp-content\/uploads\/bb-plugin\/cache\/Zibo_Rollen-landscape-69cdb5a4ab18ece2e91aed98d2ddae39-.jpg\" alt=\"Zibo_Rollen\" height=\"258\" width=\"700\" title=\"Zibo_Rollen\" onerror=\"this.style.display='none'\" loading=\"lazy\" \/>\n\t\t\t\t<\/a>\n\t<\/figure>\n<h3><a href=\"https:\/\/zibo.nl\/zibo-zeefbanden\/onderdelen\/rollen\/\" target=\"_self\">Rollen<\/a><\/h3>\t\n\t\t<figure itemscope itemtype=\"https:\/\/schema.org\/ImageObject\">\n\t\t\t\t<a href=\"https:\/\/zibo.nl\/zibo-zeefbanden\/onderdelen\/rubber-en-kunststof\/\"  target=\"_self\" itemprop=\"url\">\n\t\t\t\t<img decoding=\"async\" src=\"https:\/\/zibo.nl\/wp-content\/uploads\/bb-plugin\/cache\/Zibo_Kunstof_Rubbere_onderdelen-landscape-fe9166ff24b82ad549e574bcd595d206-.jpg\" alt=\"Zibo_Kunstof_Rubbere_onderdelen\" height=\"258\" width=\"700\" title=\"Zibo_Kunstof_Rubbere_onderdelen\" onerror=\"this.style.display='none'\" loading=\"lazy\" \/>\n\t\t\t\t<\/a>\n\t<\/figure>\n<h3><a href=\"https:\/\/zibo.nl\/zibo-zeefbanden\/onderdelen\/rubber-en-kunststof\/\" target=\"_self\">Kunststof &#038; rubberen onderdelen<\/a><\/h3>\t\n\t\t<figure itemscope itemtype=\"https:\/\/schema.org\/ImageObject\">\n\t\t\t\t<a href=\"https:\/\/zibo.nl\/zibo-zeefbanden\/onderdelen\/diversen-onderdelen\/\"  target=\"_self\" itemprop=\"url\">\n\t\t\t\t<img decoding=\"async\" src=\"https:\/\/zibo.nl\/wp-content\/uploads\/bb-plugin\/cache\/Zibo_Diversen-landscape-eb7e1a0f98edc8c9de497360071c4f57-.jpg\" alt=\"Zibo_Diversen\" height=\"258\" width=\"700\" title=\"Zibo_Diversen\" onerror=\"this.style.display='none'\" loading=\"lazy\" \/>\n\t\t\t\t<\/a>\n\t<\/figure>\n<h3><a href=\"https:\/\/zibo.nl\/zibo-zeefbanden\/onderdelen\/diversen-onderdelen\/\" target=\"_self\">Diversen<\/a><\/h3>\t\n\t<figure itemscope itemtype=\"https:\/\/schema.org\/ImageObject\">\n\t\t\t\t<a href=\"https:\/\/zibo.nl\/zibo-zeefbanden\/aanvraagformulier-accessoires-onderdelenlijst\/\"  target=\"_self\" itemprop=\"url\">\n\t\t\t\t<img decoding=\"async\" src=\"https:\/\/zibo.nl\/wp-content\/uploads\/bb-plugin\/cache\/zibo-zeefbanden-panorama-42057dfb19abce34627c97a3c01bff69-.jpg\" alt=\"zibo-zeefbanden\" height=\"798\" width=\"1200\" title=\"zibo-zeefbanden\" onerror=\"this.style.display='none'\" loading=\"lazy\" \/>\n\t\t\t\t<\/a>\n\t<\/figure>\n\t\t<h3><a href=\"https:\/\/zibo.nl\/zibo-zeefbanden\/aanvraagformulier-accessoires-onderdelenlijst\/\" target=\"_self\">Accessoires<\/a><\/h3><p>Vraag hier de onderdelenlijsten aan van GRIMME, AVR, Wuhlmaus en bietenrooiers.<\/p>\n\t\t\t<a href=\"https:\/\/zibo.nl\/zibo-zeefbanden\/aanvraagformulier-accessoires-onderdelenlijst\/\"  target=\"_self\">\n\t\t\t\t\t\t\tVraag onderdelenlijst aan\n\t\t\t\t\t<\/a>\n\n","protected":false},"excerpt":{"rendered":"<p>Titel Riemen Staven Bekleding Meenemers Aandrijfwielen Sluitingen Rollen Kunststof &#038; rubberen onderdelen Diversen Accessoires Vraag hier de onderdelenlijsten aan van GRIMME, AVR, Wuhlmaus en bietenrooiers. Vraag onderdelenlijst aan<\/p>\n","protected":false},"author":1,"featured_media":0,"parent":23201,"menu_order":0,"comment_status":"closed","ping_status":"closed","template":"","meta":{"_acf_changed":false,"footnotes":""},"class_list":["post-23205","page","type-page","status-publish","hentry"],"acf":[],"_links":{"self":[{"href":"https:\/\/zibo.nl\/fr\/wp-json\/wp\/v2\/pages\/23205","targetHints":{"allow":["GET"]}}],"collection":[{"href":"https:\/\/zibo.nl\/fr\/wp-json\/wp\/v2\/pages"}],"about":[{"href":"https:\/\/zibo.nl\/fr\/wp-json\/wp\/v2\/types\/page"}],"author":[{"embeddable":true,"href":"https:\/\/zibo.nl\/fr\/wp-json\/wp\/v2\/users\/1"}],"replies":[{"embeddable":true,"href":"https:\/\/zibo.nl\/fr\/wp-json\/wp\/v2\/comments?post=23205"}],"version-history":[{"count":2,"href":"https:\/\/zibo.nl\/fr\/wp-json\/wp\/v2\/pages\/23205\/revisions"}],"predecessor-version":[{"id":23218,"href":"https:\/\/zibo.nl\/fr\/wp-json\/wp\/v2\/pages\/23205\/revisions\/23218"}],"up":[{"embeddable":true,"href":"https:\/\/zibo.nl\/fr\/wp-json\/wp\/v2\/pages\/23201"}],"wp:attachment":[{"href":"https:\/\/zibo.nl\/fr\/wp-json\/wp\/v2\/media?parent=23205"}],"curies":[{"name":"wp","href":"https:\/\/api.w.org\/{rel}","templated":true}]}}