{"id":23201,"date":"2026-01-13T13:27:41","date_gmt":"2026-01-13T13:27:41","guid":{"rendered":"https:\/\/zibo.nl\/bandes-tamiseuses-zibo\/"},"modified":"2026-03-11T09:01:01","modified_gmt":"2026-03-11T09:01:01","slug":"bandes-tamiseuses-zibo","status":"publish","type":"page","link":"https:\/\/zibo.nl\/fr\/bandes-tamiseuses-zibo\/","title":{"rendered":"Bandes tamiseuses ZIBO"},"content":{"rendered":"\n<p>Zinger Mechanisatie dispose du plus grand stock de diverses bandes tamiseuses (y compris les bandes Hessels) et de leurs accessoires. Cela nous permet de vous livrer rapidement, avant ou pendant la r\u00e9colte, les bandes tamiseuses et les pi\u00e8ces de rechange appropri\u00e9es \u00e0 des prix comp\u00e9titifs, directement depuis notre stock! <\/p>\n\n\n\n<p>De nombreuses variantes de bandes tamiseuses sont possibles :<\/p>\n\n\n\n<ul class=\"wp-block-list\">\n<li>Bandes \u00e0 barreaux et doubles barreaux (acier, inox ou fibre de verre),<\/li>\n\n\n\n<li>Tapis \u00e0 t\u00e9tines<\/li>\n\n\n\n<li>Bandes \u00e0 mailles<\/li>\n<\/ul>\n\n\n\n<p>Les bandes tamiseuses ZIBO peuvent \u00eatre \u00e9quip\u00e9es de divers types de rev\u00eatements et de tasseaux.<\/p>\n\n\n\n<p>Les bandes transporteuses peuvent \u00eatre subdivis\u00e9es en bandes en caoutchouc et en bandes synth\u00e9tiques (plastique).<br>Les possibilit\u00e9s offertes par les bandes transporteuses sont \u00e9galement tr\u00e8s nombreuses. Pour en savoir plus, consultez notre section d\u00e9di\u00e9e aux <a href=\"https:\/\/zibo.nl\/fr\/bandes-transporteuses\/\" target=\"_blank\" rel=\"noreferrer noopener\">bandes transporteuses.<\/a><\/p>\n","protected":false},"excerpt":{"rendered":"<p>Zinger Mechanisatie dispose du plus grand stock de diverses bandes tamiseuses (y compris les bandes Hessels) et de leurs accessoires. Cela nous permet de vous livrer rapidement, avant ou pendant la r\u00e9colte, les bandes tamiseuses et les pi\u00e8ces de rechange appropri\u00e9es \u00e0 des prix comp\u00e9titifs, directement depuis notre stock! De nombreuses variantes de bandes tamiseuses&hellip;<\/p>\n","protected":false},"author":1,"featured_media":0,"parent":0,"menu_order":0,"comment_status":"closed","ping_status":"closed","template":"","meta":{"_acf_changed":false,"footnotes":""},"class_list":["post-23201","page","type-page","status-publish","hentry"],"acf":[],"_links":{"self":[{"href":"https:\/\/zibo.nl\/fr\/wp-json\/wp\/v2\/pages\/23201","targetHints":{"allow":["GET"]}}],"collection":[{"href":"https:\/\/zibo.nl\/fr\/wp-json\/wp\/v2\/pages"}],"about":[{"href":"https:\/\/zibo.nl\/fr\/wp-json\/wp\/v2\/types\/page"}],"author":[{"embeddable":true,"href":"https:\/\/zibo.nl\/fr\/wp-json\/wp\/v2\/users\/1"}],"replies":[{"embeddable":true,"href":"https:\/\/zibo.nl\/fr\/wp-json\/wp\/v2\/comments?post=23201"}],"version-history":[{"count":4,"href":"https:\/\/zibo.nl\/fr\/wp-json\/wp\/v2\/pages\/23201\/revisions"}],"predecessor-version":[{"id":23223,"href":"https:\/\/zibo.nl\/fr\/wp-json\/wp\/v2\/pages\/23201\/revisions\/23223"}],"wp:attachment":[{"href":"https:\/\/zibo.nl\/fr\/wp-json\/wp\/v2\/media?parent=23201"}],"curies":[{"name":"wp","href":"https:\/\/api.w.org\/{rel}","templated":true}]}}