{"id":23199,"date":"2026-01-21T09:50:23","date_gmt":"2026-01-21T09:50:23","guid":{"rendered":"https:\/\/zibo.nl\/bandes-transporteuses\/"},"modified":"2026-04-21T10:14:12","modified_gmt":"2026-04-21T10:14:12","slug":"bandes-transporteuses","status":"publish","type":"page","link":"https:\/\/zibo.nl\/fr\/bandes-transporteuses\/","title":{"rendered":"Bandes transporteuses"},"content":{"rendered":"\n<h2 class=\"wp-block-heading\" id=\"plastique\">Bandes transporteuses en plastique<\/h2>\n\n\n\n<p><br>Par bandes transporteuses en plastique, nous entendons des bandes compos\u00e9es de mati\u00e8res synth\u00e9tiques avec des couches de tissu int\u00e9gr\u00e9es, disponibles en divers coloris et \u00e9paisseurs.<br>L\u2019avantage de la bande transporteuse en plastique est qu\u2019il existe un type de bande et de mat\u00e9riau adapt\u00e9 \u00e0 pratiquement chaque application. De plus, les possibilit\u00e9s de personnalisation avec des tasseaux, des doigts, des bords (gaufr\u00e9s) et des profils de guidage sont pratiquement illimit\u00e9es. Les bandes transporteuses en plastique peuvent \u00eatre livr\u00e9es aussi bien sans fin que raccord\u00e9es par des agrafes.  <\/p>\n\n\n\n<p><\/p>\n","protected":false},"excerpt":{"rendered":"<p>Bandes transporteuses en plastique Par bandes transporteuses en plastique, nous entendons des bandes compos\u00e9es de mati\u00e8res synth\u00e9tiques avec des couches de tissu int\u00e9gr\u00e9es, disponibles en divers coloris et \u00e9paisseurs.L\u2019avantage de la bande transporteuse en plastique est qu\u2019il existe un type de bande et de mat\u00e9riau adapt\u00e9 \u00e0 pratiquement chaque application. De plus, les possibilit\u00e9s de&hellip;<\/p>\n","protected":false},"author":1,"featured_media":0,"parent":0,"menu_order":0,"comment_status":"closed","ping_status":"closed","template":"","meta":{"_acf_changed":false,"footnotes":""},"class_list":["post-23199","page","type-page","status-publish","hentry"],"acf":[],"_links":{"self":[{"href":"https:\/\/zibo.nl\/fr\/wp-json\/wp\/v2\/pages\/23199","targetHints":{"allow":["GET"]}}],"collection":[{"href":"https:\/\/zibo.nl\/fr\/wp-json\/wp\/v2\/pages"}],"about":[{"href":"https:\/\/zibo.nl\/fr\/wp-json\/wp\/v2\/types\/page"}],"author":[{"embeddable":true,"href":"https:\/\/zibo.nl\/fr\/wp-json\/wp\/v2\/users\/1"}],"replies":[{"embeddable":true,"href":"https:\/\/zibo.nl\/fr\/wp-json\/wp\/v2\/comments?post=23199"}],"version-history":[{"count":2,"href":"https:\/\/zibo.nl\/fr\/wp-json\/wp\/v2\/pages\/23199\/revisions"}],"predecessor-version":[{"id":23623,"href":"https:\/\/zibo.nl\/fr\/wp-json\/wp\/v2\/pages\/23199\/revisions\/23623"}],"wp:attachment":[{"href":"https:\/\/zibo.nl\/fr\/wp-json\/wp\/v2\/media?parent=23199"}],"curies":[{"name":"wp","href":"https:\/\/api.w.org\/{rel}","templated":true}]}}