{"id":23197,"date":"2026-01-13T12:55:34","date_gmt":"2026-01-13T12:55:34","guid":{"rendered":"https:\/\/zibo.nl\/nos-marques\/"},"modified":"2026-03-10T16:00:58","modified_gmt":"2026-03-10T16:00:58","slug":"nos-marques","status":"publish","type":"page","link":"https:\/\/zibo.nl\/fr\/nos-marques\/","title":{"rendered":"Nos marques"},"content":{"rendered":"\n<div class=\"wp-block-buttons is-layout-flex wp-block-buttons-is-layout-flex\"><\/div>\n\n<div class=\"wp-block-columns is-layout-flex wp-container-core-columns-is-layout-9d6595d7 wp-block-columns-is-layout-flex\">\n<div class=\"wp-block-column is-layout-flow wp-block-column-is-layout-flow\">\n<div class=\"wp-block-buttons is-layout-flex wp-block-buttons-is-layout-flex\">\n<div class=\"wp-block-button\"><a class=\"wp-block-button__link wp-element-button\" href=\"https:\/\/zibo.nl\/wp-content\/uploads\/2026\/01\/Zibo_GRIMME-Onderdelenlijst.pdf\">T\u00e9l\u00e9chargez ici la liste des pi\u00e8ces Grimme<\/a><\/div>\n\n\n\n<div class=\"wp-block-button\"><a class=\"wp-block-button__link wp-element-button\" href=\"https:\/\/zibo.nl\/wp-content\/uploads\/2026\/01\/Zibo_AVR_rollen_toebehoren.pdf\">T\u00e9l\u00e9chargez ici la liste des pi\u00e8ces AVR<\/a><\/div>\n\n\n\n<div class=\"wp-block-button\"><a class=\"wp-block-button__link wp-element-button\" href=\"https:\/\/zibo.nl\/wp-content\/uploads\/2026\/01\/Zibo_Wuhlmaus-onderdelenlijst.pdf\">T\u00e9l\u00e9chargez ici la liste des pi\u00e8ces Wuhlmaus<\/a><\/div>\n\n\n\n<div class=\"wp-block-button\"><a class=\"wp-block-button__link wp-element-button\" href=\"https:\/\/zibo.nl\/wp-content\/uploads\/2026\/01\/Zibo_Bietenrooiers-onderdelenlijst.pdf\">T\u00e9l\u00e9chargez ici la liste des pi\u00e8ces pour arracheuses de betteraves<\/a><\/div>\n<\/div>\n\n\n\n<div class=\"wp-block-buttons is-layout-flex wp-block-buttons-is-layout-flex\">\n<div class=\"wp-block-button\"><a class=\"wp-block-button__link wp-element-button\" href=\"https:\/\/zibo.nl\/wp-content\/uploads\/2026\/01\/Zibo_Axiaalrollen-onderdelenlijst.pdf\">T\u00e9l\u00e9chargez ici la liste des pi\u00e8ces pour rouleaux axiaux<\/a><\/div>\n<\/div>\n<\/div>\n\n\n\n<div class=\"wp-block-column is-layout-flow wp-block-column-is-layout-flow\">\n<div class=\"wp-block-buttons is-layout-flex wp-block-buttons-is-layout-flex\">\n<div class=\"wp-block-button\"><a class=\"wp-block-button__link wp-element-button\" href=\"https:\/\/zibo.nl\/wp-content\/uploads\/2026\/01\/Zibo_Riecam-onderdelenlijst.pdf\">T\u00e9l\u00e9chargez ici la liste des pi\u00e8ces Riecam<\/a><\/div>\n<\/div>\n\n\n\n<div class=\"wp-block-buttons is-layout-flex wp-block-buttons-is-layout-flex\">\n<div class=\"wp-block-button\"><a class=\"wp-block-button__link wp-element-button\" href=\"https:\/\/zibo.nl\/wp-content\/uploads\/2026\/01\/Zibo_Agrifac-onderdelenlijst.pdf\">T\u00e9l\u00e9chargez ici la liste des pi\u00e8ces Agrifac<\/a><\/div>\n<\/div>\n\n\n\n<div class=\"wp-block-buttons is-layout-flex wp-block-buttons-is-layout-flex\">\n<div class=\"wp-block-button\"><a class=\"wp-block-button__link wp-element-button\" href=\"https:\/\/zibo.nl\/wp-content\/uploads\/2026\/01\/Zibo_Holmer-Terra-Dos-onderdelenlijst.pdf\">T\u00e9l\u00e9chargez ici la liste des pi\u00e8ces Holmer Terra Dos<\/a><\/div>\n<\/div>\n\n\n\n<div class=\"wp-block-buttons is-layout-flex wp-block-buttons-is-layout-flex\">\n<div class=\"wp-block-button\"><a class=\"wp-block-button__link wp-element-button\" href=\"https:\/\/zibo.nl\/wp-content\/uploads\/2026\/01\/Zibo_Vervaet-onderdelenlijst.pdf\">T\u00e9l\u00e9chargez ici la liste des pi\u00e8ces Vervaet<\/a><\/div>\n<\/div>\n<\/div>\n<\/div>\n\n<p><\/p>\n","protected":false},"excerpt":{"rendered":"","protected":false},"author":1,"featured_media":0,"parent":0,"menu_order":0,"comment_status":"closed","ping_status":"closed","template":"","meta":{"_acf_changed":false,"footnotes":""},"class_list":["post-23197","page","type-page","status-publish","hentry"],"acf":[],"_links":{"self":[{"href":"https:\/\/zibo.nl\/fr\/wp-json\/wp\/v2\/pages\/23197","targetHints":{"allow":["GET"]}}],"collection":[{"href":"https:\/\/zibo.nl\/fr\/wp-json\/wp\/v2\/pages"}],"about":[{"href":"https:\/\/zibo.nl\/fr\/wp-json\/wp\/v2\/types\/page"}],"author":[{"embeddable":true,"href":"https:\/\/zibo.nl\/fr\/wp-json\/wp\/v2\/users\/1"}],"replies":[{"embeddable":true,"href":"https:\/\/zibo.nl\/fr\/wp-json\/wp\/v2\/comments?post=23197"}],"version-history":[{"count":1,"href":"https:\/\/zibo.nl\/fr\/wp-json\/wp\/v2\/pages\/23197\/revisions"}],"predecessor-version":[{"id":23198,"href":"https:\/\/zibo.nl\/fr\/wp-json\/wp\/v2\/pages\/23197\/revisions\/23198"}],"wp:attachment":[{"href":"https:\/\/zibo.nl\/fr\/wp-json\/wp\/v2\/media?parent=23197"}],"curies":[{"name":"wp","href":"https:\/\/api.w.org\/{rel}","templated":true}]}}