{"id":23195,"date":"2026-01-13T12:38:26","date_gmt":"2026-01-13T12:38:26","guid":{"rendered":"https:\/\/zibo.nl\/roulements-a-rouleaux-axiaux\/"},"modified":"2026-04-07T13:25:58","modified_gmt":"2026-04-07T13:25:58","slug":"roulements-a-rouleaux-axiaux","status":"publish","type":"page","link":"https:\/\/zibo.nl\/fr\/roulements-a-rouleaux-axiaux\/","title":{"rendered":"Roulements \u00e0 rouleaux axiaux"},"content":{"rendered":"\n<p>Gr\u00e2ce \u00e0 l&rsquo;acquisition de Hepparts Holland, nous disposons d\u00e9sormais \u00e9galement de rouleaux axiaux.<\/p>\n\n<h3 class=\"wp-block-heading\" id=\"grimme\"><strong>Grimme<\/strong><\/h3>\n\n<figure class=\"wp-block-table\"><table class=\"has-fixed-layout\"><thead><tr><th class=\"has-text-align-left\" data-align=\"left\"><strong>R\u00e9f. <\/strong><\/th><th class=\"has-text-align-left\" data-align=\"left\">Afmeting<\/th><th class=\"has-text-align-left\" data-align=\"left\">Mat\u00e9riau<\/th><\/tr><\/thead><tbody><tr><td>07601599  <\/td><td>\u00d8 70\u00d7800 mm<\/td><td>Caoutchouc \/ Lisse<\/td><\/tr><tr><td>07602752  <\/td><td>\u00d8 75\u00d7800 mm <\/td><td>Caoutchouc \/ Lisse<\/td><\/tr><tr><td>07601491<\/td><td>\u00d8 80\u00d7800 mm <\/td><td>Caoutchouc \/ Lisse<\/td><\/tr><tr><td>07601490  <\/td><td>\u00d8 90\u00d7800 mm <\/td><td>Caoutchouc \/ Lisse<\/td><\/tr><tr><td>&#8211;<\/td><td>\u00d8 90\u00d7800 mm 300+500 mm <\/td><td>Caoutchouc \/ Lisse<\/td><\/tr><tr><td>&#8211;<\/td><td>\u00d8 82\u00d7800 mm<\/td><td>Acier \/ Lisse<\/td><\/tr><tr><td class=\"has-text-align-left\" data-align=\"left\">10036900<\/td><td class=\"has-text-align-left\" data-align=\"left\">\u00d8 90\u00d7800 mm<\/td><td class=\"has-text-align-left\" data-align=\"left\">Acier \/ Lisse<\/td><\/tr><tr><td class=\"has-text-align-left\" data-align=\"left\">&#8211;<\/td><td class=\"has-text-align-left\" data-align=\"left\">\u00d8 90\u00d7800 mm<\/td><td class=\"has-text-align-left\" data-align=\"left\">Inox\/Lisse<\/td><\/tr><tr><td class=\"has-text-align-left\" data-align=\"left\">&#8211;<\/td><td class=\"has-text-align-left\" data-align=\"left\">\u00d8 75\u00d7800 mm<\/td><td class=\"has-text-align-left\" data-align=\"left\">Caoutchouc \/ Rouleau \u00e0 spirale (6 mm)<\/td><\/tr><tr><td class=\"has-text-align-left\" data-align=\"left\">076.01554   <\/td><td class=\"has-text-align-left\" data-align=\"left\">\u00d8 80\u00d7800 mm<\/td><td class=\"has-text-align-left\" data-align=\"left\">Caoutchouc \/ Rouleau \u00e0 spirale (6 mm)<\/td><\/tr><\/tbody><\/table><\/figure>\n\n<h3 class=\"wp-block-heading\">Amac<\/h3>\n\n<figure class=\"wp-block-table\"><table class=\"has-fixed-layout\"><thead><tr><th class=\"has-text-align-left\" data-align=\"left\"><strong>R\u00e9f. <\/strong><\/th><th class=\"has-text-align-left\" data-align=\"left\">Afmeting<\/th><th class=\"has-text-align-left\" data-align=\"left\">Mat\u00e9riau<\/th><\/tr><\/thead><tbody><tr><td>&#8211;<\/td><td>\u00d8 75\u00d7860 mm<\/td><td>Caoutchouc \/ Lisse<\/td><\/tr><tr><td>&#8211;\u00a0<\/td><td>\u00d8 80\u00d7860 mm <\/td><td>Caoutchouc \/ Lisse<\/td><\/tr><tr><td>&#8211;<\/td><td>\u00d8 90\u00d7860 mm <\/td><td>Caoutchouc \/ Lisse<\/td><\/tr><tr><td>&#8211;<\/td><td>\u00d8 85\u00d7860 mm <\/td><td>Caoutchouc \/ Rouleau \u00e0 spirale<\/td><\/tr><\/tbody><\/table><\/figure>\n\n<h3 class=\"wp-block-heading\">AVR- Standen<\/h3>\n\n<figure class=\"wp-block-table\"><table class=\"has-fixed-layout\"><thead><tr><th class=\"has-text-align-left\" data-align=\"left\"><strong>R\u00e9f. <\/strong><\/th><th class=\"has-text-align-left\" data-align=\"left\">Afmeting<\/th><th class=\"has-text-align-left\" data-align=\"left\">Mat\u00e9riau<\/th><\/tr><\/thead><tbody><tr><td>&#8211;<\/td><td>\u00d8 75\u00d7825 mm<\/td><td>Caoutchouc \/ Lisse<\/td><\/tr><tr><td>Puma<\/td><td>\u00d8 82\u00d7825 mm <\/td><td>Caoutchouc \/ Lisse<\/td><\/tr><tr><td>Puma<\/td><td>\u00d8 82\u00d7825 mm<\/td><td>Acier \/ Lisse<\/td><\/tr><tr><td>&#8211;<\/td><td>\u00d8 90\u00d7825 mm <\/td><td>Caoutchouc \/ Lisse<\/td><\/tr><tr><td>&#8211;<\/td><td>\u00d8 75\u00d7975 mm<\/td><td>Caoutchouc \/ Lisse<\/td><\/tr><tr><td>&#8211;<\/td><td>\u00d8 82\u00d7975 mm <\/td><td>Caoutchouc \/ Lisse<\/td><\/tr><tr><td class=\"has-text-align-left\" data-align=\"left\">&#8211;<\/td><td class=\"has-text-align-left\" data-align=\"left\">\u00d8 90\u00d7975 mm<\/td><td class=\"has-text-align-left\" data-align=\"left\">Caoutchouc \/ Lisse<\/td><\/tr><tr><td class=\"has-text-align-left\" data-align=\"left\">&#8211;<\/td><td class=\"has-text-align-left\" data-align=\"left\">\u00d8 75\u00d71125 mm<\/td><td class=\"has-text-align-left\" data-align=\"left\">Caoutchouc \/ Lisse<\/td><\/tr><tr><td class=\"has-text-align-left\" data-align=\"left\">&#8211;<\/td><td class=\"has-text-align-left\" data-align=\"left\">\u00d8 82\u00d71125 mm<\/td><td class=\"has-text-align-left\" data-align=\"left\">Caoutchouc \/ Lisse<\/td><\/tr><tr><td class=\"has-text-align-left\" data-align=\"left\">&#8211;<\/td><td class=\"has-text-align-left\" data-align=\"left\">\u00d8 90\u00d71125 mm <\/td><td class=\"has-text-align-left\" data-align=\"left\">Caoutchouc \/ Lisse<\/td><\/tr><tr><td class=\"has-text-align-left\" data-align=\"left\">&#8211;<\/td><td class=\"has-text-align-left\" data-align=\"left\">\u00d8 75\/93\u00d7825 mm<\/td><td class=\"has-text-align-left\" data-align=\"left\">Caoutchouc \/ Rouleau \u00e0 spirale (9 mm)<\/td><\/tr><tr><td class=\"has-text-align-left\" data-align=\"left\">&#8211;<\/td><td class=\"has-text-align-left\" data-align=\"left\">\u00d8 70\u00d7975 mm<\/td><td class=\"has-text-align-left\" data-align=\"left\">Caoutchouc \/ Rouleau \u00e0 spirale<\/td><\/tr><tr><td class=\"has-text-align-left\" data-align=\"left\">&#8211;<\/td><td class=\"has-text-align-left\" data-align=\"left\">\u00d8 75\/93\u00d7975 mm <\/td><td class=\"has-text-align-left\" data-align=\"left\">Caoutchouc \/ Rouleau \u00e0 spirale (9 mm)<\/td><\/tr><tr><td class=\"has-text-align-left\" data-align=\"left\">&#8211;<\/td><td class=\"has-text-align-left\" data-align=\"left\">\u00d8 80\/93\u00d7975 mm <\/td><td class=\"has-text-align-left\" data-align=\"left\">Caoutchouc \/ Rouleau \u00e0 spirale (6 mm)<\/td><\/tr><tr><td class=\"has-text-align-left\" data-align=\"left\">&#8211;<\/td><td class=\"has-text-align-left\" data-align=\"left\">\u00d8 70\u00d71125 mm <\/td><td class=\"has-text-align-left\" data-align=\"left\">Caoutchouc \/ Rouleau \u00e0 spirale<\/td><\/tr><tr><td class=\"has-text-align-left\" data-align=\"left\">&#8211;<\/td><td class=\"has-text-align-left\" data-align=\"left\">\u00d8 75\/93\u00d71125 mm<\/td><td class=\"has-text-align-left\" data-align=\"left\">Caoutchouc \/ Rouleau \u00e0 spirale (9 mm)<\/td><\/tr><tr><td class=\"has-text-align-left\" data-align=\"left\">&#8211;<\/td><td class=\"has-text-align-left\" data-align=\"left\">\u00d8 80\/93\u00d71125 mm<\/td><td class=\"has-text-align-left\" data-align=\"left\">Caoutchouc \/ Rouleau \u00e0 spirale (6 mm)<\/td><\/tr><\/tbody><\/table><\/figure>\n\n<h3 class=\"wp-block-heading\"><strong>Kverneland \/ Underhaug<\/strong><\/h3>\n\n<figure class=\"wp-block-table\"><table class=\"has-fixed-layout\"><thead><tr><th class=\"has-text-align-left\" data-align=\"left\"><strong>R\u00e9f. <\/strong><\/th><th class=\"has-text-align-left\" data-align=\"left\">Afmeting<\/th><th class=\"has-text-align-left\" data-align=\"left\">Mat\u00e9riau<\/th><\/tr><\/thead><tbody><tr><td>&#8211;<\/td><td>\u00d8 70\u00d7960 mm<\/td><td>Caoutchouc \/ Lisse<\/td><\/tr><tr><td>&#8211;\u00a0<\/td><td>\u00d8 75\u00d7960 mm<\/td><td>Caoutchouc \/ Lisse<\/td><\/tr><tr><td>&#8211;<\/td><td>\u00d8 80\u00d7960 mm<\/td><td>Caoutchouc \/ Lisse<\/td><\/tr><tr><td>&#8211;<\/td><td>\u00d8 90\u00d7960 mm <\/td><td>Caoutchouc \/ Lisse<\/td><\/tr><tr><td class=\"has-text-align-left\" data-align=\"left\">&#8211;<\/td><td class=\"has-text-align-left\" data-align=\"left\">\u00d8 85\u00d7960 mm<\/td><td class=\"has-text-align-left\" data-align=\"left\">Caoutchouc \/ Rouleau \u00e0 spirale<\/td><\/tr><\/tbody><\/table><\/figure>\n\n<h3 class=\"wp-block-heading\"><strong>Reekie<\/strong><\/h3>\n\n<figure class=\"wp-block-table\"><table class=\"has-fixed-layout\"><thead><tr><th class=\"has-text-align-left\" data-align=\"left\"><strong>R\u00e9f. <\/strong><\/th><th class=\"has-text-align-left\" data-align=\"left\">Afmeting<\/th><th class=\"has-text-align-left\" data-align=\"left\">Mat\u00e9riau<\/th><\/tr><\/thead><tbody><tr><td>&#8211;<\/td><td>\u00d8 70\u00d7965 mm<\/td><td>Caoutchouc \/ Lisse<\/td><\/tr><tr><td>&#8211;\u00a0<\/td><td>\u00d8 75\u00d7965 mm<\/td><td>Caoutchouc \/ Lisse<\/td><\/tr><tr><td>&#8211;<\/td><td>\u00d8 80\u00d7965 mm<\/td><td>Caoutchouc \/ Lisse<\/td><\/tr><tr><td>&#8211;<\/td><td>\u00d8 90\u00d7965 mm<\/td><td>Caoutchouc \/ Lisse<\/td><\/tr><tr><td class=\"has-text-align-left\" data-align=\"left\">&#8211;<\/td><td class=\"has-text-align-left\" data-align=\"left\">\u00d8 85\u00d7965 mm<\/td><td class=\"has-text-align-left\" data-align=\"left\">Caoutchouc \/ Rouleau \u00e0 spirale<\/td><\/tr><\/tbody><\/table><\/figure>\n\n<h3 class=\"wp-block-heading\"><strong>Dewulf \u2013 Standen<\/strong><\/h3>\n\n<figure class=\"wp-block-table\"><table class=\"has-fixed-layout\"><thead><tr><th class=\"has-text-align-left\" data-align=\"left\"><strong>R\u00e9f. <\/strong><\/th><th class=\"has-text-align-left\" data-align=\"left\">Afmeting<\/th><th class=\"has-text-align-left\" data-align=\"left\">Mat\u00e9riau<\/th><\/tr><\/thead><tbody><tr><td>&#8211;<\/td><td>\u00d8 70\u00d7975 mm<\/td><td>Caoutchouc \/ Lisse<\/td><\/tr><tr><td>&#8211;\u00a0<\/td><td>\u00d8 75\u00d7975 mm <\/td><td>Caoutchouc \/ Lisse<\/td><\/tr><tr><td>&#8211;<\/td><td>\u00d8 82\u00d7975 mm<\/td><td>Caoutchouc \/ Lisse<\/td><\/tr><tr><td>&#8211;<\/td><td>\u00d8 90\u00d7975 mm<\/td><td>Caoutchouc \/ Lisse<\/td><\/tr><tr><td class=\"has-text-align-left\" data-align=\"left\">&#8211;<\/td><td class=\"has-text-align-left\" data-align=\"left\">\u00d8 70\u00d71125 mm<\/td><td class=\"has-text-align-left\" data-align=\"left\">Caoutchouc \/ Lisse<\/td><\/tr><tr><td class=\"has-text-align-left\" data-align=\"left\">&#8211;<\/td><td class=\"has-text-align-left\" data-align=\"left\">\u00d8 75\u00d71125 mm<\/td><td class=\"has-text-align-left\" data-align=\"left\">Caoutchouc \/ Lisse<\/td><\/tr><tr><td class=\"has-text-align-left\" data-align=\"left\">&#8211;<\/td><td class=\"has-text-align-left\" data-align=\"left\">\u00d8 82\u00d71125 mm<\/td><td class=\"has-text-align-left\" data-align=\"left\">Caoutchouc \/ Lisse<\/td><\/tr><tr><td class=\"has-text-align-left\" data-align=\"left\">&#8211;<\/td><td class=\"has-text-align-left\" data-align=\"left\">\u00d8 90\u00d71125 mm<\/td><td class=\"has-text-align-left\" data-align=\"left\">Caoutchouc \/ Lisse<\/td><\/tr><tr><td class=\"has-text-align-left\" data-align=\"left\">&#8211;<\/td><td class=\"has-text-align-left\" data-align=\"left\">\u00d8 75\/93\u00d7975 mm <\/td><td class=\"has-text-align-left\" data-align=\"left\">Caoutchouc \/ Rouleau \u00e0 spirale (9 mm)<\/td><\/tr><tr><td class=\"has-text-align-left\" data-align=\"left\">&#8211;<\/td><td class=\"has-text-align-left\" data-align=\"left\">\u00d8 80\/93\u00d7975 mm <\/td><td class=\"has-text-align-left\" data-align=\"left\">Caoutchouc \/ Rouleau \u00e0 spirale (9 mm)<\/td><\/tr><tr><td class=\"has-text-align-left\" data-align=\"left\">&#8211;<\/td><td class=\"has-text-align-left\" data-align=\"left\">\u00d8 75\/93\u00d71125 mm<\/td><td class=\"has-text-align-left\" data-align=\"left\">Caoutchouc \/ Rouleau \u00e0 spirale (9 mm)<\/td><\/tr><tr><td class=\"has-text-align-left\" data-align=\"left\">&#8211;<\/td><td class=\"has-text-align-left\" data-align=\"left\">\u00d8 80\/93\u00d71125 mm<\/td><td class=\"has-text-align-left\" data-align=\"left\">Caoutchouc \/ Rouleau \u00e0 spirale (9 mm)<\/td><\/tr><\/tbody><\/table><\/figure>\n","protected":false},"excerpt":{"rendered":"<p>Gr\u00e2ce \u00e0 l&rsquo;acquisition de Hepparts Holland, nous disposons d\u00e9sormais \u00e9galement de rouleaux axiaux. Grimme R\u00e9f. Afmeting Mat\u00e9riau 07601599 \u00d8 70\u00d7800 mm Caoutchouc \/ Lisse 07602752 \u00d8 75\u00d7800 mm Caoutchouc \/ Lisse 07601491 \u00d8 80\u00d7800 mm Caoutchouc \/ Lisse 07601490 \u00d8 90\u00d7800 mm Caoutchouc \/ Lisse &#8211; \u00d8 90\u00d7800 mm 300+500 mm Caoutchouc \/ Lisse &#8211;&hellip;<\/p>\n","protected":false},"author":1,"featured_media":22835,"parent":0,"menu_order":0,"comment_status":"closed","ping_status":"closed","template":"","meta":{"_acf_changed":false,"footnotes":""},"class_list":["post-23195","page","type-page","status-publish","has-post-thumbnail","hentry"],"acf":[],"_links":{"self":[{"href":"https:\/\/zibo.nl\/fr\/wp-json\/wp\/v2\/pages\/23195","targetHints":{"allow":["GET"]}}],"collection":[{"href":"https:\/\/zibo.nl\/fr\/wp-json\/wp\/v2\/pages"}],"about":[{"href":"https:\/\/zibo.nl\/fr\/wp-json\/wp\/v2\/types\/page"}],"author":[{"embeddable":true,"href":"https:\/\/zibo.nl\/fr\/wp-json\/wp\/v2\/users\/1"}],"replies":[{"embeddable":true,"href":"https:\/\/zibo.nl\/fr\/wp-json\/wp\/v2\/comments?post=23195"}],"version-history":[{"count":2,"href":"https:\/\/zibo.nl\/fr\/wp-json\/wp\/v2\/pages\/23195\/revisions"}],"predecessor-version":[{"id":23308,"href":"https:\/\/zibo.nl\/fr\/wp-json\/wp\/v2\/pages\/23195\/revisions\/23308"}],"wp:featuredmedia":[{"embeddable":true,"href":"https:\/\/zibo.nl\/fr\/wp-json\/wp\/v2\/media\/22835"}],"wp:attachment":[{"href":"https:\/\/zibo.nl\/fr\/wp-json\/wp\/v2\/media?parent=23195"}],"curies":[{"name":"wp","href":"https:\/\/api.w.org\/{rel}","templated":true}]}}