{"id":19169,"date":"2023-10-17T12:12:36","date_gmt":"2023-10-17T12:12:36","guid":{"rendered":"https:\/\/zibo.nl\/vraag-hier-de-prijslijst-2023-aan\/"},"modified":"2026-04-14T13:37:07","modified_gmt":"2026-04-14T13:37:07","slug":"liste-de-prix","status":"publish","type":"page","link":"https:\/\/zibo.nl\/fr\/liste-de-prix\/","title":{"rendered":"Liste de prix 2026"},"content":{"rendered":"\n<h1>\n\t\t\tTitel\t<\/h1>\n\t<p>Zinger Mechanisatie vous offre une large gamme de machines, pi\u00e8ces d&rsquo;usure et d&rsquo;\u00e9quipement en faveur pour une op\u00e9rations optimales. Notre offre dans le domaine du travail du sol, du semis, de l&rsquo;entretien des cultures et de la r\u00e9colte se trouve dans la nouvelle.<\/p>\n<figure itemscope itemtype=\"https:\/\/schema.org\/ImageObject\">\n\t\t\t\t<a href=\"https:\/\/zibo.nl\/wp-content\/uploads\/2025\/02\/ZIBO-sleuvenfrees-6.jpeg\"  target=\"_self\" itemprop=\"url\">\n\t\t\t\t<img decoding=\"async\" src=\"https:\/\/zibo.nl\/wp-content\/uploads\/2025\/02\/ZIBO-sleuvenfrees-6.jpeg\" alt=\"ZIBO-sleuvenfrees-6\" height=\"669\" width=\"999\" title=\"ZIBO-sleuvenfrees-6\" onerror=\"this.style.display='none'\" loading=\"lazy\" \/>\n\t\t\t\t<\/a>\n\t<\/figure>\n<figure itemscope itemtype=\"https:\/\/schema.org\/ImageObject\">\n\t\t\t\t<a href=\"https:\/\/zibo.nl\/wp-content\/uploads\/2023\/11\/ZIBO-Valbrekers-8-valbrekers-rubber-strook-voor-in-de-kipper.jpeg\"  target=\"_self\" itemprop=\"url\">\n\t\t\t\t<img decoding=\"async\" src=\"https:\/\/zibo.nl\/wp-content\/uploads\/2023\/11\/ZIBO-Valbrekers-8-valbrekers-rubber-strook-voor-in-de-kipper.jpeg\" alt=\"ZIBO Valbrekers-8-valbrekers rubber strook voor in de kipper\" height=\"750\" width=\"1000\" title=\"ZIBO Valbrekers-8-valbrekers rubber strook voor in de kipper\" onerror=\"this.style.display='none'\" loading=\"lazy\" \/>\n\t\t\t\t<\/a>\n\t<\/figure>\n<figure itemscope itemtype=\"https:\/\/schema.org\/ImageObject\">\n\t\t\t\t<a href=\"https:\/\/zibo.nl\/wp-content\/uploads\/2023\/11\/ZIBO-Valmatten-1.jpeg\"  target=\"_self\" itemprop=\"url\">\n\t\t\t\t<img decoding=\"async\" src=\"https:\/\/zibo.nl\/wp-content\/uploads\/2023\/11\/ZIBO-Valmatten-1.jpeg\" alt=\"ZIBO Valmatten-1\" height=\"769\" width=\"1030\" title=\"ZIBO Valmatten-1\" onerror=\"this.style.display='none'\" loading=\"lazy\" \/>\n\t\t\t\t<\/a>\n\t<\/figure>\n\t<!-- SharpSpring Form for [insert form name] -->\n<figure itemscope itemtype=\"https:\/\/schema.org\/ImageObject\">\n\t\t\t\t<img decoding=\"async\" src=\"https:\/\/zibo.nl\/wp-content\/uploads\/2025\/10\/Zibo_Mockup_Prijslijst_FR_2026.png\" alt=\"Zibo_Mockup_Prijslijst_FR_2026\" height=\"1641\" width=\"2445\" title=\"Zibo_Mockup_Prijslijst_FR_2026\" onerror=\"this.style.display='none'\" loading=\"lazy\" \/>\n\t<\/figure>\n\n","protected":false},"excerpt":{"rendered":"<p>Titel Zinger Mechanisatie vous offre une large gamme de machines, pi\u00e8ces d&rsquo;usure et d&rsquo;\u00e9quipement en faveur pour une op\u00e9rations optimales. Notre offre dans le domaine du travail du sol, du semis, de l&rsquo;entretien des cultures et de la r\u00e9colte se trouve dans la nouvelle.<\/p>\n","protected":false},"author":1,"featured_media":21810,"parent":0,"menu_order":0,"comment_status":"closed","ping_status":"closed","template":"","meta":{"_acf_changed":false,"footnotes":""},"class_list":["post-19169","page","type-page","status-publish","has-post-thumbnail","hentry"],"acf":[],"_links":{"self":[{"href":"https:\/\/zibo.nl\/fr\/wp-json\/wp\/v2\/pages\/19169","targetHints":{"allow":["GET"]}}],"collection":[{"href":"https:\/\/zibo.nl\/fr\/wp-json\/wp\/v2\/pages"}],"about":[{"href":"https:\/\/zibo.nl\/fr\/wp-json\/wp\/v2\/types\/page"}],"author":[{"embeddable":true,"href":"https:\/\/zibo.nl\/fr\/wp-json\/wp\/v2\/users\/1"}],"replies":[{"embeddable":true,"href":"https:\/\/zibo.nl\/fr\/wp-json\/wp\/v2\/comments?post=19169"}],"version-history":[{"count":13,"href":"https:\/\/zibo.nl\/fr\/wp-json\/wp\/v2\/pages\/19169\/revisions"}],"predecessor-version":[{"id":23432,"href":"https:\/\/zibo.nl\/fr\/wp-json\/wp\/v2\/pages\/19169\/revisions\/23432"}],"wp:featuredmedia":[{"embeddable":true,"href":"https:\/\/zibo.nl\/fr\/wp-json\/wp\/v2\/media\/21810"}],"wp:attachment":[{"href":"https:\/\/zibo.nl\/fr\/wp-json\/wp\/v2\/media?parent=19169"}],"curies":[{"name":"wp","href":"https:\/\/api.w.org\/{rel}","templated":true}]}}