{"id":23233,"date":"2026-01-13T13:27:41","date_gmt":"2026-01-13T13:27:41","guid":{"rendered":"https:\/\/zibo.nl\/zibo-siebbaender\/"},"modified":"2026-03-11T10:02:50","modified_gmt":"2026-03-11T10:02:50","slug":"zibo-siebbaender","status":"publish","type":"page","link":"https:\/\/zibo.nl\/de\/zibo-siebbaender\/","title":{"rendered":"ZIBO Siebb\u00e4nder"},"content":{"rendered":"\n<p>Zinger Mechanisatie verf\u00fcgt \u00fcber das gr\u00f6\u00dfte Lager an verschiedenen Siebb\u00e4ndern (einschlie\u00dflich Hessels-Siebb\u00e4ndern) und entsprechendem Zubeh\u00f6r. Dies erm\u00f6glicht es uns, Ihnen vor oder w\u00e4hrend der Ernte die passenden Siebb\u00e4nder und Ersatzteile zu wettbewerbsf\u00e4higen Preisen schnell und direkt ab Lager zu liefern!  <\/p>\n\n\n\n<p>Zahlreiche Varianten von Siebb\u00e4ndern sind m\u00f6glich:<\/p>\n\n\n\n<ul class=\"wp-block-list\">\n<li>Stabb\u00e4nder und Doppelstabb\u00e4nder (Stahl, Edelstahl oder Glasfaser),<\/li>\n\n\n\n<li>Igelb\u00e4nder<\/li>\n\n\n\n<li>Maschenb\u00e4nder<\/li>\n<\/ul>\n\n\n\n<p>ZIBO Siebb\u00e4nder k\u00f6nnen mit verschiedenen Arten von Ummantelungen und Mitnehmern ausgestattet werden.<\/p>\n\n\n\n<p>F\u00f6rderb\u00e4nder k\u00f6nnen in Gummi-F\u00f6rderb\u00e4nder und Kunststoff-F\u00f6rderb\u00e4nder unterteilt werden.<br>Die M\u00f6glichkeiten, die F\u00f6rderb\u00e4nder bieten, sind ebenfalls sehr vielf\u00e4ltig. Weitere Informationen finden Sie in unserem speziellen Bereich f\u00fcr <a href=\"https:\/\/zibo.nl\/de\/transportbaender\/\" target=\"_blank\" rel=\"noreferrer noopener\">F\u00f6rderb\u00e4nder<\/a>.<\/p>\n\n\n\n<p><\/p>\n","protected":false},"excerpt":{"rendered":"<p>Zinger Mechanisatie verf\u00fcgt \u00fcber das gr\u00f6\u00dfte Lager an verschiedenen Siebb\u00e4ndern (einschlie\u00dflich Hessels-Siebb\u00e4ndern) und entsprechendem Zubeh\u00f6r. Dies erm\u00f6glicht es uns, Ihnen vor oder w\u00e4hrend der Ernte die passenden Siebb\u00e4nder und Ersatzteile zu wettbewerbsf\u00e4higen Preisen schnell und direkt ab Lager zu liefern! Zahlreiche Varianten von Siebb\u00e4ndern sind m\u00f6glich: ZIBO Siebb\u00e4nder k\u00f6nnen mit verschiedenen Arten von Ummantelungen und&hellip;<\/p>\n","protected":false},"author":1,"featured_media":0,"parent":0,"menu_order":0,"comment_status":"closed","ping_status":"closed","template":"","meta":{"_acf_changed":false,"footnotes":""},"class_list":["post-23233","page","type-page","status-publish","hentry"],"acf":[],"_links":{"self":[{"href":"https:\/\/zibo.nl\/de\/wp-json\/wp\/v2\/pages\/23233","targetHints":{"allow":["GET"]}}],"collection":[{"href":"https:\/\/zibo.nl\/de\/wp-json\/wp\/v2\/pages"}],"about":[{"href":"https:\/\/zibo.nl\/de\/wp-json\/wp\/v2\/types\/page"}],"author":[{"embeddable":true,"href":"https:\/\/zibo.nl\/de\/wp-json\/wp\/v2\/users\/1"}],"replies":[{"embeddable":true,"href":"https:\/\/zibo.nl\/de\/wp-json\/wp\/v2\/comments?post=23233"}],"version-history":[{"count":2,"href":"https:\/\/zibo.nl\/de\/wp-json\/wp\/v2\/pages\/23233\/revisions"}],"predecessor-version":[{"id":23250,"href":"https:\/\/zibo.nl\/de\/wp-json\/wp\/v2\/pages\/23233\/revisions\/23250"}],"wp:attachment":[{"href":"https:\/\/zibo.nl\/de\/wp-json\/wp\/v2\/media?parent=23233"}],"curies":[{"name":"wp","href":"https:\/\/api.w.org\/{rel}","templated":true}]}}