{"id":23231,"date":"2026-01-21T09:50:23","date_gmt":"2026-01-21T09:50:23","guid":{"rendered":"https:\/\/zibo.nl\/transportbaender\/"},"modified":"2026-04-21T09:59:51","modified_gmt":"2026-04-21T09:59:51","slug":"transportbaender","status":"publish","type":"page","link":"https:\/\/zibo.nl\/de\/transportbaender\/","title":{"rendered":"Transportb\u00e4nder"},"content":{"rendered":"\n<h2 class=\"wp-block-heading\" id=\"kunststoff\">Kunststoff-F\u00f6rderb\u00e4nder<\/h2>\n\n\n\n<p><br>Unter Kunststoff-F\u00f6rderb\u00e4ndern verstehen wir Transportb\u00e4nder, die aus Kunststoffen mit Gewebeeinlagen in verschiedenen Farben und St\u00e4rken zusammengesetzt sind. Das Kunststoff-F\u00f6rderband bietet den Vorteil, dass f\u00fcr nahezu jede Anwendung ein passender Bandtyp und ein entsprechendes Material zur Verf\u00fcgung stehen. Auch die M\u00f6glichkeiten f\u00fcr Mitnehmer, Fingerprofile, (Well-) Kanten und Keilleisten sind nahezu unbegrenzt. Die Kunststoff-F\u00f6rderb\u00e4nder k\u00f6nnen sowohl endlos als auch mit Riemenverbindern geliefert werden.<\/p>\n","protected":false},"excerpt":{"rendered":"<p>Kunststoff-F\u00f6rderb\u00e4nder Unter Kunststoff-F\u00f6rderb\u00e4ndern verstehen wir Transportb\u00e4nder, die aus Kunststoffen mit Gewebeeinlagen in verschiedenen Farben und St\u00e4rken zusammengesetzt sind. Das Kunststoff-F\u00f6rderband bietet den Vorteil, dass f\u00fcr nahezu jede Anwendung ein passender Bandtyp und ein entsprechendes Material zur Verf\u00fcgung stehen. Auch die M\u00f6glichkeiten f\u00fcr Mitnehmer, Fingerprofile, (Well-) Kanten und Keilleisten sind nahezu unbegrenzt. Die Kunststoff-F\u00f6rderb\u00e4nder k\u00f6nnen sowohl&hellip;<\/p>\n","protected":false},"author":1,"featured_media":0,"parent":0,"menu_order":0,"comment_status":"closed","ping_status":"closed","template":"","meta":{"_acf_changed":false,"footnotes":""},"class_list":["post-23231","page","type-page","status-publish","hentry"],"acf":[],"_links":{"self":[{"href":"https:\/\/zibo.nl\/de\/wp-json\/wp\/v2\/pages\/23231","targetHints":{"allow":["GET"]}}],"collection":[{"href":"https:\/\/zibo.nl\/de\/wp-json\/wp\/v2\/pages"}],"about":[{"href":"https:\/\/zibo.nl\/de\/wp-json\/wp\/v2\/types\/page"}],"author":[{"embeddable":true,"href":"https:\/\/zibo.nl\/de\/wp-json\/wp\/v2\/users\/1"}],"replies":[{"embeddable":true,"href":"https:\/\/zibo.nl\/de\/wp-json\/wp\/v2\/comments?post=23231"}],"version-history":[{"count":2,"href":"https:\/\/zibo.nl\/de\/wp-json\/wp\/v2\/pages\/23231\/revisions"}],"predecessor-version":[{"id":23591,"href":"https:\/\/zibo.nl\/de\/wp-json\/wp\/v2\/pages\/23231\/revisions\/23591"}],"wp:attachment":[{"href":"https:\/\/zibo.nl\/de\/wp-json\/wp\/v2\/media?parent=23231"}],"curies":[{"name":"wp","href":"https:\/\/api.w.org\/{rel}","templated":true}]}}