{"id":23225,"date":"2026-01-13T12:38:26","date_gmt":"2026-01-13T12:38:26","guid":{"rendered":"https:\/\/zibo.nl\/axiaalrollen\/"},"modified":"2026-04-07T13:25:59","modified_gmt":"2026-04-07T13:25:59","slug":"axiaalrollen","status":"publish","type":"page","link":"https:\/\/zibo.nl\/de\/axiaalrollen\/","title":{"rendered":"Axiaalrollen"},"content":{"rendered":"\n<p>Durch die \u00dcbernahme von Hepparts Holland verf\u00fcgen wir nun auch \u00fcber Axialrollen.<\/p>\n\n<h3 class=\"wp-block-heading\" id=\"grimme\"><strong>Grimme<\/strong><\/h3>\n\n<figure class=\"wp-block-table\"><table class=\"has-fixed-layout\"><thead><tr><th class=\"has-text-align-left\" data-align=\"left\"><strong>Art.-Nr. <\/strong><\/th><th class=\"has-text-align-left\" data-align=\"left\">Abmessung<\/th><th class=\"has-text-align-left\" data-align=\"left\">Material<\/th><\/tr><\/thead><tbody><tr><td>07601599  <\/td><td>\u00d8 70\u00d7800 mm<\/td><td>Gummi \/ Glatt<\/td><\/tr><tr><td>07602752  <\/td><td>\u00d8 75\u00d7800 mm <\/td><td>Gummi \/ Glatt<\/td><\/tr><tr><td>07601491<\/td><td>\u00d8 80\u00d7800 mm <\/td><td>Gummi \/ Glatt<\/td><\/tr><tr><td>07601490  <\/td><td>\u00d8 90\u00d7800 mm <\/td><td>Gummi \/ Glatt<\/td><\/tr><tr><td>&#8211;<\/td><td>\u00d8 90\u00d7800 mm 300+500 mm <\/td><td>Gummi \/ Glatt<\/td><\/tr><tr><td>&#8211;<\/td><td>\u00d8 82\u00d7800 mm<\/td><td>Stahl \/ Glatt<\/td><\/tr><tr><td class=\"has-text-align-left\" data-align=\"left\">10036900<\/td><td class=\"has-text-align-left\" data-align=\"left\">\u00d8 90\u00d7800 mm<\/td><td class=\"has-text-align-left\" data-align=\"left\">Stahl \/ Glatt<\/td><\/tr><tr><td class=\"has-text-align-left\" data-align=\"left\">&#8211;<\/td><td class=\"has-text-align-left\" data-align=\"left\">\u00d8 90\u00d7800 mm<\/td><td class=\"has-text-align-left\" data-align=\"left\">Edelstahl \/ Glatt<\/td><\/tr><tr><td class=\"has-text-align-left\" data-align=\"left\">&#8211;<\/td><td class=\"has-text-align-left\" data-align=\"left\">\u00d8 75\u00d7800 mm<\/td><td class=\"has-text-align-left\" data-align=\"left\">Gummi \/ (6 mm) Spiralrolle<\/td><\/tr><tr><td class=\"has-text-align-left\" data-align=\"left\">076.01554   <\/td><td class=\"has-text-align-left\" data-align=\"left\">\u00d8 80\u00d7800 mm<\/td><td class=\"has-text-align-left\" data-align=\"left\">Gummi \/ (6 mm) Spiralrolle<\/td><\/tr><\/tbody><\/table><\/figure>\n\n<h3 class=\"wp-block-heading\">Amac<\/h3>\n\n<figure class=\"wp-block-table\"><table class=\"has-fixed-layout\"><thead><tr><th class=\"has-text-align-left\" data-align=\"left\"><strong>Art.-Nr. <\/strong><\/th><th class=\"has-text-align-left\" data-align=\"left\">Abmessung<\/th><th class=\"has-text-align-left\" data-align=\"left\">Material<\/th><\/tr><\/thead><tbody><tr><td>&#8211;<\/td><td>\u00d8 75\u00d7860 mm<\/td><td>Gummi \/ Glatt<\/td><\/tr><tr><td>&#8211;\u00a0<\/td><td>\u00d8 80\u00d7860 mm <\/td><td>Gummi \/ Glatt<\/td><\/tr><tr><td>&#8211;<\/td><td>\u00d8 90\u00d7860 mm <\/td><td>Gummi \/ Glatt<\/td><\/tr><tr><td>&#8211;<\/td><td>\u00d8 85\u00d7860 mm <\/td><td>Gummi \/ Spiralrolle<\/td><\/tr><\/tbody><\/table><\/figure>\n\n<h3 class=\"wp-block-heading\">AVR- Standen<\/h3>\n\n<figure class=\"wp-block-table\"><table class=\"has-fixed-layout\"><thead><tr><th class=\"has-text-align-left\" data-align=\"left\"><strong>Art.-Nr. <\/strong><\/th><th class=\"has-text-align-left\" data-align=\"left\">Abmessung<\/th><th class=\"has-text-align-left\" data-align=\"left\">Material<\/th><\/tr><\/thead><tbody><tr><td>&#8211;<\/td><td>\u00d8 75\u00d7825 mm<\/td><td>Gummi \/ Glatt<\/td><\/tr><tr><td>Puma<\/td><td>\u00d8 82\u00d7825 mm <\/td><td>Gummi \/ Glatt<\/td><\/tr><tr><td>Puma<\/td><td>\u00d8 82\u00d7825 mm<\/td><td>Stahl \/ Glatt<\/td><\/tr><tr><td>&#8211;<\/td><td>\u00d8 90\u00d7825 mm <\/td><td>Gummi \/ Glatt<\/td><\/tr><tr><td>&#8211;<\/td><td>\u00d8 75\u00d7975 mm<\/td><td>Gummi \/ Glatt<\/td><\/tr><tr><td>&#8211;<\/td><td>\u00d8 82\u00d7975 mm <\/td><td>Gummi \/ Glatt<\/td><\/tr><tr><td class=\"has-text-align-left\" data-align=\"left\">&#8211;<\/td><td class=\"has-text-align-left\" data-align=\"left\">\u00d8 90\u00d7975 mm<\/td><td class=\"has-text-align-left\" data-align=\"left\">Gummi \/ Glatt<\/td><\/tr><tr><td class=\"has-text-align-left\" data-align=\"left\">&#8211;<\/td><td class=\"has-text-align-left\" data-align=\"left\">\u00d8 75\u00d71125 mm<\/td><td class=\"has-text-align-left\" data-align=\"left\">Gummi \/ Glatt<\/td><\/tr><tr><td class=\"has-text-align-left\" data-align=\"left\">&#8211;<\/td><td class=\"has-text-align-left\" data-align=\"left\">\u00d8 82\u00d71125 mm<\/td><td class=\"has-text-align-left\" data-align=\"left\">Gummi \/ Glatt<\/td><\/tr><tr><td class=\"has-text-align-left\" data-align=\"left\">&#8211;<\/td><td class=\"has-text-align-left\" data-align=\"left\">\u00d8 90\u00d71125 mm <\/td><td class=\"has-text-align-left\" data-align=\"left\">Gummi \/ Glatt<\/td><\/tr><tr><td class=\"has-text-align-left\" data-align=\"left\">&#8211;<\/td><td class=\"has-text-align-left\" data-align=\"left\">\u00d8 75\/93\u00d7825 mm<\/td><td class=\"has-text-align-left\" data-align=\"left\">Gummi \/ (9 mm) Spiralrolle<\/td><\/tr><tr><td class=\"has-text-align-left\" data-align=\"left\">&#8211;<\/td><td class=\"has-text-align-left\" data-align=\"left\">\u00d8 70\u00d7975 mm<\/td><td class=\"has-text-align-left\" data-align=\"left\">Gummi \/ Spiralrolle<\/td><\/tr><tr><td class=\"has-text-align-left\" data-align=\"left\">&#8211;<\/td><td class=\"has-text-align-left\" data-align=\"left\">\u00d8 75\/93\u00d7975 mm <\/td><td class=\"has-text-align-left\" data-align=\"left\">Gummi \/ (9 mm) Spiralrolle<\/td><\/tr><tr><td class=\"has-text-align-left\" data-align=\"left\">&#8211;<\/td><td class=\"has-text-align-left\" data-align=\"left\">\u00d8 80\/93\u00d7975 mm <\/td><td class=\"has-text-align-left\" data-align=\"left\">Gummi \/ (6 mm) Spiralrolle<\/td><\/tr><tr><td class=\"has-text-align-left\" data-align=\"left\">&#8211;<\/td><td class=\"has-text-align-left\" data-align=\"left\">\u00d8 70\u00d71125 mm <\/td><td class=\"has-text-align-left\" data-align=\"left\">Gummi \/ Spiralrolle<\/td><\/tr><tr><td class=\"has-text-align-left\" data-align=\"left\">&#8211;<\/td><td class=\"has-text-align-left\" data-align=\"left\">\u00d8 75\/93\u00d71125 mm<\/td><td class=\"has-text-align-left\" data-align=\"left\">Gummi \/ (9 mm) Spiralrolle<\/td><\/tr><tr><td class=\"has-text-align-left\" data-align=\"left\">&#8211;<\/td><td class=\"has-text-align-left\" data-align=\"left\">\u00d8 80\/93\u00d71125 mm<\/td><td class=\"has-text-align-left\" data-align=\"left\">Gummi \/ (6 mm) Spiralrolle<\/td><\/tr><\/tbody><\/table><\/figure>\n\n<h3 class=\"wp-block-heading\"><strong>Kverneland \/ Underhaug<\/strong><\/h3>\n\n<figure class=\"wp-block-table\"><table class=\"has-fixed-layout\"><thead><tr><th class=\"has-text-align-left\" data-align=\"left\"><strong>Art.-Nr. <\/strong><\/th><th class=\"has-text-align-left\" data-align=\"left\">Abmessung<\/th><th class=\"has-text-align-left\" data-align=\"left\">Material<\/th><\/tr><\/thead><tbody><tr><td>&#8211;<\/td><td>\u00d8 70\u00d7960 mm<\/td><td>Gummi \/ Glatt<\/td><\/tr><tr><td>&#8211;\u00a0<\/td><td>\u00d8 75\u00d7960 mm<\/td><td>Gummi \/ Glatt<\/td><\/tr><tr><td>&#8211;<\/td><td>\u00d8 80\u00d7960 mm<\/td><td>Gummi \/ Glatt<\/td><\/tr><tr><td>&#8211;<\/td><td>\u00d8 90\u00d7960 mm <\/td><td>Gummi \/ Glatt<\/td><\/tr><tr><td class=\"has-text-align-left\" data-align=\"left\">&#8211;<\/td><td class=\"has-text-align-left\" data-align=\"left\">\u00d8 85\u00d7960 mm<\/td><td class=\"has-text-align-left\" data-align=\"left\">Gummi \/ Spiralrolle<\/td><\/tr><\/tbody><\/table><\/figure>\n\n<h3 class=\"wp-block-heading\"><strong>Reekie<\/strong><\/h3>\n\n<figure class=\"wp-block-table\"><table class=\"has-fixed-layout\"><thead><tr><th class=\"has-text-align-left\" data-align=\"left\"><strong>Art.-Nr. <\/strong><\/th><th class=\"has-text-align-left\" data-align=\"left\">Abmessung<\/th><th class=\"has-text-align-left\" data-align=\"left\">Material<\/th><\/tr><\/thead><tbody><tr><td>&#8211;<\/td><td>\u00d8 70\u00d7965 mm<\/td><td>Gummi \/ Glatt<\/td><\/tr><tr><td>&#8211;\u00a0<\/td><td>\u00d8 75\u00d7965 mm<\/td><td>Gummi \/ Glatt<\/td><\/tr><tr><td>&#8211;<\/td><td>\u00d8 80\u00d7965 mm<\/td><td>Gummi \/ Glatt<\/td><\/tr><tr><td>&#8211;<\/td><td>\u00d8 90\u00d7965 mm<\/td><td>Gummi \/ Glatt<\/td><\/tr><tr><td class=\"has-text-align-left\" data-align=\"left\">&#8211;<\/td><td class=\"has-text-align-left\" data-align=\"left\">\u00d8 85\u00d7965 mm<\/td><td class=\"has-text-align-left\" data-align=\"left\">Gummi \/ Spiralrolle<\/td><\/tr><\/tbody><\/table><\/figure>\n\n<h3 class=\"wp-block-heading\"><strong>Dewulf \u2013 Standen<\/strong><\/h3>\n\n<figure class=\"wp-block-table\"><table class=\"has-fixed-layout\"><thead><tr><th class=\"has-text-align-left\" data-align=\"left\"><strong>Art.-Nr. <\/strong><\/th><th class=\"has-text-align-left\" data-align=\"left\">Abmessung<\/th><th class=\"has-text-align-left\" data-align=\"left\">Material<\/th><\/tr><\/thead><tbody><tr><td>&#8211;<\/td><td>\u00d8 70\u00d7975 mm<\/td><td>Gummi \/ Glatt<\/td><\/tr><tr><td>&#8211;\u00a0<\/td><td>\u00d8 75\u00d7975 mm <\/td><td>Gummi \/ Glatt<\/td><\/tr><tr><td>&#8211;<\/td><td>\u00d8 82\u00d7975 mm<\/td><td>Gummi \/ Glatt<\/td><\/tr><tr><td>&#8211;<\/td><td>\u00d8 90\u00d7975 mm<\/td><td>Gummi \/ Glatt<\/td><\/tr><tr><td class=\"has-text-align-left\" data-align=\"left\">&#8211;<\/td><td class=\"has-text-align-left\" data-align=\"left\">\u00d8 70\u00d71125 mm<\/td><td class=\"has-text-align-left\" data-align=\"left\">Gummi \/ Glatt<\/td><\/tr><tr><td class=\"has-text-align-left\" data-align=\"left\">&#8211;<\/td><td class=\"has-text-align-left\" data-align=\"left\">\u00d8 75\u00d71125 mm<\/td><td class=\"has-text-align-left\" data-align=\"left\">Gummi \/ Glatt<\/td><\/tr><tr><td class=\"has-text-align-left\" data-align=\"left\">&#8211;<\/td><td class=\"has-text-align-left\" data-align=\"left\">\u00d8 82\u00d71125 mm<\/td><td class=\"has-text-align-left\" data-align=\"left\">Gummi \/ Glatt<\/td><\/tr><tr><td class=\"has-text-align-left\" data-align=\"left\">&#8211;<\/td><td class=\"has-text-align-left\" data-align=\"left\">\u00d8 90\u00d71125 mm<\/td><td class=\"has-text-align-left\" data-align=\"left\">Gummi \/ Glatt<\/td><\/tr><tr><td class=\"has-text-align-left\" data-align=\"left\">&#8211;<\/td><td class=\"has-text-align-left\" data-align=\"left\">\u00d8 75\/93\u00d7975 mm <\/td><td class=\"has-text-align-left\" data-align=\"left\">Gummi \/ (9 mm) Spiralrolle<\/td><\/tr><tr><td class=\"has-text-align-left\" data-align=\"left\">&#8211;<\/td><td class=\"has-text-align-left\" data-align=\"left\">\u00d8 80\/93\u00d7975 mm <\/td><td class=\"has-text-align-left\" data-align=\"left\">Gummi \/ (9 mm) Spiralrolle<\/td><\/tr><tr><td class=\"has-text-align-left\" data-align=\"left\">&#8211;<\/td><td class=\"has-text-align-left\" data-align=\"left\">\u00d8 75\/93\u00d71125 mm<\/td><td class=\"has-text-align-left\" data-align=\"left\">Gummi \/ (9 mm) Spiralrolle<\/td><\/tr><tr><td class=\"has-text-align-left\" data-align=\"left\">&#8211;<\/td><td class=\"has-text-align-left\" data-align=\"left\">\u00d8 80\/93\u00d71125 mm<\/td><td class=\"has-text-align-left\" data-align=\"left\">Gummi \/ (9 mm) Spiralrolle<\/td><\/tr><\/tbody><\/table><\/figure>\n","protected":false},"excerpt":{"rendered":"<p>Durch die \u00dcbernahme von Hepparts Holland verf\u00fcgen wir nun auch \u00fcber Axialrollen. Grimme Art.-Nr. Abmessung Material 07601599 \u00d8 70\u00d7800 mm Gummi \/ Glatt 07602752 \u00d8 75\u00d7800 mm Gummi \/ Glatt 07601491 \u00d8 80\u00d7800 mm Gummi \/ Glatt 07601490 \u00d8 90\u00d7800 mm Gummi \/ Glatt &#8211; \u00d8 90\u00d7800 mm 300+500 mm Gummi \/ Glatt &#8211; \u00d8&hellip;<\/p>\n","protected":false},"author":1,"featured_media":22836,"parent":0,"menu_order":0,"comment_status":"closed","ping_status":"closed","template":"","meta":{"_acf_changed":false,"footnotes":""},"class_list":["post-23225","page","type-page","status-publish","has-post-thumbnail","hentry"],"acf":[],"_links":{"self":[{"href":"https:\/\/zibo.nl\/de\/wp-json\/wp\/v2\/pages\/23225","targetHints":{"allow":["GET"]}}],"collection":[{"href":"https:\/\/zibo.nl\/de\/wp-json\/wp\/v2\/pages"}],"about":[{"href":"https:\/\/zibo.nl\/de\/wp-json\/wp\/v2\/types\/page"}],"author":[{"embeddable":true,"href":"https:\/\/zibo.nl\/de\/wp-json\/wp\/v2\/users\/1"}],"replies":[{"embeddable":true,"href":"https:\/\/zibo.nl\/de\/wp-json\/wp\/v2\/comments?post=23225"}],"version-history":[{"count":4,"href":"https:\/\/zibo.nl\/de\/wp-json\/wp\/v2\/pages\/23225\/revisions"}],"predecessor-version":[{"id":23309,"href":"https:\/\/zibo.nl\/de\/wp-json\/wp\/v2\/pages\/23225\/revisions\/23309"}],"wp:featuredmedia":[{"embeddable":true,"href":"https:\/\/zibo.nl\/de\/wp-json\/wp\/v2\/media\/22836"}],"wp:attachment":[{"href":"https:\/\/zibo.nl\/de\/wp-json\/wp\/v2\/media?parent=23225"}],"curies":[{"name":"wp","href":"https:\/\/api.w.org\/{rel}","templated":true}]}}