{"id":19182,"date":"2023-10-17T12:09:49","date_gmt":"2023-10-17T12:09:49","guid":{"rendered":"https:\/\/zibo.nl\/zinger-mechanisatie\/"},"modified":"2023-11-02T16:01:00","modified_gmt":"2023-11-02T16:01:00","slug":"zinger-mechanisatie","status":"publish","type":"page","link":"https:\/\/zibo.nl\/de\/zinger-mechanisatie\/","title":{"rendered":"Zinger Mechanisatie"},"content":{"rendered":"\n<p>Zinger ist Produzent von ZIBO Maschinen und bietet eine lange Produktliste an. Zus\u00e4tzlich zum Programm produziert Zinger aber auch individuell Maschinen nach Ihren pers\u00f6nlichen Vorstellungen. Zus\u00e4tzlich ist Zinger Importeur diverser Markenmaschinen. R\u00fcben und Kartoffeln sind das Spezialgebiet von Zinger.<\/p>\n\n\n\n<figure class=\"wp-block-gallery has-nested-images columns-default is-cropped wp-block-gallery-1 is-layout-flex wp-block-gallery-is-layout-flex\">\n<figure class=\"wp-block-image size-large\"><a href=\"https:\/\/zibo.nl\/wp-content\/uploads\/2023\/10\/DJI_0089-1030x578-1.jpg\"><img loading=\"lazy\" decoding=\"async\" width=\"1024\" height=\"575\" data-id=\"18256\" src=\"https:\/\/zibo.nl\/wp-content\/uploads\/2023\/10\/DJI_0089-1030x578-1-1024x575.jpg\" alt=\"\" class=\"wp-image-18256\" srcset=\"https:\/\/zibo.nl\/wp-content\/uploads\/2023\/10\/DJI_0089-1030x578-1-1024x575.jpg 1024w, https:\/\/zibo.nl\/wp-content\/uploads\/2023\/10\/DJI_0089-1030x578-1-300x168.jpg 300w, https:\/\/zibo.nl\/wp-content\/uploads\/2023\/10\/DJI_0089-1030x578-1-768x431.jpg 768w, https:\/\/zibo.nl\/wp-content\/uploads\/2023\/10\/DJI_0089-1030x578-1.jpg 1030w\" sizes=\"auto, (max-width: 1024px) 100vw, 1024px\" \/><\/a><\/figure>\n\n\n\n<figure class=\"wp-block-image size-large\"><a href=\"https:\/\/zibo.nl\/wp-content\/uploads\/2023\/10\/IMG_1917-1030x773-2.jpg\"><img loading=\"lazy\" decoding=\"async\" width=\"1024\" height=\"768\" data-id=\"18257\" src=\"https:\/\/zibo.nl\/wp-content\/uploads\/2023\/10\/IMG_1917-1030x773-2-1024x768.jpg\" alt=\"\" class=\"wp-image-18257\" srcset=\"https:\/\/zibo.nl\/wp-content\/uploads\/2023\/10\/IMG_1917-1030x773-2-1024x768.jpg 1024w, https:\/\/zibo.nl\/wp-content\/uploads\/2023\/10\/IMG_1917-1030x773-2-300x225.jpg 300w, https:\/\/zibo.nl\/wp-content\/uploads\/2023\/10\/IMG_1917-1030x773-2-768x576.jpg 768w, https:\/\/zibo.nl\/wp-content\/uploads\/2023\/10\/IMG_1917-1030x773-2.jpg 1030w\" sizes=\"auto, (max-width: 1024px) 100vw, 1024px\" \/><\/a><\/figure>\n\n\n\n<figure class=\"wp-block-image size-large\"><a href=\"https:\/\/zibo.nl\/wp-content\/uploads\/2023\/10\/zibo-213.png\"><img loading=\"lazy\" decoding=\"async\" width=\"1024\" height=\"540\" data-id=\"18255\" src=\"https:\/\/zibo.nl\/wp-content\/uploads\/2023\/10\/zibo-213-1024x540.png\" alt=\"\" class=\"wp-image-18255\" srcset=\"https:\/\/zibo.nl\/wp-content\/uploads\/2023\/10\/zibo-213-1024x540.png 1024w, https:\/\/zibo.nl\/wp-content\/uploads\/2023\/10\/zibo-213-300x158.png 300w, https:\/\/zibo.nl\/wp-content\/uploads\/2023\/10\/zibo-213-768x405.png 768w, https:\/\/zibo.nl\/wp-content\/uploads\/2023\/10\/zibo-213.png 1030w\" sizes=\"auto, (max-width: 1024px) 100vw, 1024px\" \/><\/a><\/figure>\n<\/figure>\n\n\n\n<p>Durch das gro\u00dfe und gut sortierte Lager ist Zinger in den meisten F\u00e4llen schnell in der Lage, Ihnen Ersatzteile und Siebb\u00e4nder direkt zu liefern. <\/p>\n\n\n\n<p>Au\u00dferdem bietet Zinger Verschlei\u00dfteile f\u00fcr nahezu alle Bodenbearbeitungsmaschinen an.<\/p>\n\n\n\n<h2 class=\"wp-block-heading\">Interessiert? <\/h2>\n\n\n\n<div class=\"wp-block-buttons is-layout-flex wp-block-buttons-is-layout-flex\">\n<div class=\"wp-block-button\"><a class=\"wp-block-button__link wp-element-button\" href=\"https:\/\/zibo.nl\/de\/kontakt\/\">Kontaktiere uns jetzt<\/a><\/div>\n<\/div>\n","protected":false},"excerpt":{"rendered":"<p>Zinger ist Produzent von ZIBO Maschinen und bietet eine lange Produktliste an. Zus\u00e4tzlich zum Programm produziert Zinger aber auch individuell Maschinen nach Ihren pers\u00f6nlichen Vorstellungen. Zus\u00e4tzlich ist Zinger Importeur diverser Markenmaschinen. R\u00fcben und Kartoffeln sind das Spezialgebiet von Zinger. Durch das gro\u00dfe und gut sortierte Lager ist Zinger in den meisten F\u00e4llen schnell in der&hellip;<\/p>\n","protected":false},"author":1,"featured_media":0,"parent":0,"menu_order":0,"comment_status":"closed","ping_status":"closed","template":"","meta":{"_acf_changed":false,"footnotes":""},"class_list":["post-19182","page","type-page","status-publish","hentry"],"acf":[],"_links":{"self":[{"href":"https:\/\/zibo.nl\/de\/wp-json\/wp\/v2\/pages\/19182","targetHints":{"allow":["GET"]}}],"collection":[{"href":"https:\/\/zibo.nl\/de\/wp-json\/wp\/v2\/pages"}],"about":[{"href":"https:\/\/zibo.nl\/de\/wp-json\/wp\/v2\/types\/page"}],"author":[{"embeddable":true,"href":"https:\/\/zibo.nl\/de\/wp-json\/wp\/v2\/users\/1"}],"replies":[{"embeddable":true,"href":"https:\/\/zibo.nl\/de\/wp-json\/wp\/v2\/comments?post=19182"}],"version-history":[{"count":5,"href":"https:\/\/zibo.nl\/de\/wp-json\/wp\/v2\/pages\/19182\/revisions"}],"predecessor-version":[{"id":20777,"href":"https:\/\/zibo.nl\/de\/wp-json\/wp\/v2\/pages\/19182\/revisions\/20777"}],"wp:attachment":[{"href":"https:\/\/zibo.nl\/de\/wp-json\/wp\/v2\/media?parent=19182"}],"curies":[{"name":"wp","href":"https:\/\/api.w.org\/{rel}","templated":true}]}}