{"id":19129,"date":"2023-10-17T12:11:41","date_gmt":"2023-10-17T12:11:41","guid":{"rendered":"https:\/\/zibo.nl\/beurzen\/"},"modified":"2023-11-02T15:47:35","modified_gmt":"2023-11-02T15:47:35","slug":"ausstellungen","status":"publish","type":"page","link":"https:\/\/zibo.nl\/de\/ausstellungen\/","title":{"rendered":"Ausstellungen"},"content":{"rendered":"\n<h3 class=\"wp-block-heading\">Die Agri Technica gilt als eine der bekanntesten Messen im Agrarsektor weltweit.<\/h3>\n\n\n\n<p>Zinger Mechanisatie wird vom 12. bis 18. November auf der Agri Technica 2023 in Hannover (DE) vertreten sein. Wir freuen uns, Sie am Stand H34 in Halle 25 begr\u00fc\u00dfen zu d\u00fcrfen.<\/p>\n\n\n\n<p>Hoffe dich wieder zu sehen!<\/p>\n\n\n<div class=\"wp-block-image\">\n<figure class=\"alignleft size-full is-resized\"><img loading=\"lazy\" decoding=\"async\" width=\"942\" height=\"646\" src=\"https:\/\/zibo.nl\/wp-content\/uploads\/2023\/10\/Agritechnica-2023.png\" alt=\"\" class=\"wp-image-18390\" style=\"aspect-ratio:1.458204334365325;width:656px;height:auto\" srcset=\"https:\/\/zibo.nl\/wp-content\/uploads\/2023\/10\/Agritechnica-2023.png 942w, https:\/\/zibo.nl\/wp-content\/uploads\/2023\/10\/Agritechnica-2023-300x206.png 300w, https:\/\/zibo.nl\/wp-content\/uploads\/2023\/10\/Agritechnica-2023-768x527.png 768w\" sizes=\"auto, (max-width: 942px) 100vw, 942px\" \/><\/figure>\n<\/div>","protected":false},"excerpt":{"rendered":"<p>Die Agri Technica gilt als eine der bekanntesten Messen im Agrarsektor weltweit. Zinger Mechanisatie wird vom 12. bis 18. November auf der Agri Technica 2023 in Hannover (DE) vertreten sein. Wir freuen uns, Sie am Stand H34 in Halle 25 begr\u00fc\u00dfen zu d\u00fcrfen. Hoffe dich wieder zu sehen!<\/p>\n","protected":false},"author":1,"featured_media":21627,"parent":0,"menu_order":0,"comment_status":"closed","ping_status":"closed","template":"","meta":{"_acf_changed":false,"footnotes":""},"class_list":["post-19129","page","type-page","status-publish","has-post-thumbnail","hentry"],"acf":[],"_links":{"self":[{"href":"https:\/\/zibo.nl\/de\/wp-json\/wp\/v2\/pages\/19129","targetHints":{"allow":["GET"]}}],"collection":[{"href":"https:\/\/zibo.nl\/de\/wp-json\/wp\/v2\/pages"}],"about":[{"href":"https:\/\/zibo.nl\/de\/wp-json\/wp\/v2\/types\/page"}],"author":[{"embeddable":true,"href":"https:\/\/zibo.nl\/de\/wp-json\/wp\/v2\/users\/1"}],"replies":[{"embeddable":true,"href":"https:\/\/zibo.nl\/de\/wp-json\/wp\/v2\/comments?post=19129"}],"version-history":[{"count":5,"href":"https:\/\/zibo.nl\/de\/wp-json\/wp\/v2\/pages\/19129\/revisions"}],"predecessor-version":[{"id":20757,"href":"https:\/\/zibo.nl\/de\/wp-json\/wp\/v2\/pages\/19129\/revisions\/20757"}],"wp:featuredmedia":[{"embeddable":true,"href":"https:\/\/zibo.nl\/de\/wp-json\/wp\/v2\/media\/21627"}],"wp:attachment":[{"href":"https:\/\/zibo.nl\/de\/wp-json\/wp\/v2\/media?parent=19129"}],"curies":[{"name":"wp","href":"https:\/\/api.w.org\/{rel}","templated":true}]}}