{"id":19104,"date":"2023-10-16T09:45:50","date_gmt":"2023-10-16T09:45:50","guid":{"rendered":"https:\/\/zibo.nl\/ziezo-prima-werk-met-zibo\/"},"modified":"2025-10-30T12:50:58","modified_gmt":"2025-10-30T12:50:58","slug":"gute-arbeit-dank-zibo","status":"publish","type":"page","link":"https:\/\/zibo.nl\/de\/","title":{"rendered":"Gute arbeit, dank ZIBO"},"content":{"rendered":"\n\n<h2>\n\t\t\tZinger Mechanisatie\t<\/h2>\n\t<p>Zinger ist Ihr kompetenter Fachpartner in Sachen Maschinen, Ersatzteile, und Bedarfsg\u00fcter im Agrarsektor<\/p>\n\t<p>Zinger ist Produzent von ZIBO Maschinen und bietet eine lange Produktliste an. Zus\u00e4tzlich zum Programm produziert Zinger aber auch individuell Maschinen nach Ihren pers\u00f6nlichen Vorstellungen. Zus\u00e4tzlich ist Zinger Importeur diverser Markenmaschinen. R\u00fcben und Kartoffeln sind das Spezialgebiet von Zinger. Durch das gro\u00dfe und gut sortierte Lager ist Zinger in den meisten F\u00e4llen schnell in der Lage, Ihnen Ersatzteile und Siebb\u00e4nder direkt zu liefern. Au\u00dferdem bietet Zinger Verschlei\u00dfteile f\u00fcr nahezu alle Bodenbearbeitungsmaschinen an.<\/p>\n\t\t\t\t<img decoding=\"async\" src=\"https:\/\/zibo.nl\/wp-content\/uploads\/2025\/10\/Zibo_Mockup_Prijslijst_DE_2026.png\" alt=\"Zibo_Mockup_Prijslijst_DE_2026\" itemprop=\"image\" height=\"1641\" width=\"2445\" title=\"Zibo_Mockup_Prijslijst_DE_2026\" onerror=\"this.style.display='none'\" loading=\"lazy\" \/>\n\t<a href=\"https:\/\/zibo.nl\/de\/preisliste\/\" target=\"_self\"  aria-label=\"Gehe zu https:\/\/zibo.nl\/de\/preisliste\/\"><\/a>\n\t\t\t<h3>Fordern <br \/>Sie die Preisliste <b>2026<\/b> an<\/h3>\t\t\t\n\t\t\t\t<a href=\"https:\/\/zibo.nl\/de\/produkte\/zibo-grueppenfraese\/\"  target=\"_self\" itemprop=\"url\">\n\t\t\t\t<img decoding=\"async\" src=\"https:\/\/zibo.nl\/wp-content\/uploads\/bb-plugin\/cache\/ZIBO-sleuvenfrees-7-landscape-50208c410547e0c53408ee4dd4534452-.jpeg\" alt=\"ZIBO sleuvenfrees-7\" itemprop=\"image\" height=\"669\" width=\"999\" title=\"ZIBO sleuvenfrees-7\" onerror=\"this.style.display='none'\" loading=\"lazy\" \/>\n\t\t\t\t<\/a>\n<h3><a href=\"https:\/\/zibo.nl\/de\/produkte\/zibo-grueppenfraese\/\" target=\"_self\">ZIBO Gr\u00fcppenfr\u00e4se<\/a><\/h3><p>Die ZIBO Gr\u00fcppenfr\u00e4se ist die L\u00f6sung bei Pf\u00fctzenbildung. Es ist sinnvoll, schon vor dem Pflanzen quer zur dabei eingehaltenen Fahrtrichtung Gr\u00fcppen zu ziehen.<\/p>\n\t\t\t<a href=\"https:\/\/zibo.nl\/de\/produkte\/zibo-grueppenfraese\/\" target=\"_self\">\n\t\t\t\t\t\t\tMehr \u00fcber <br \/> ZIBO Gr\u00fcppenfr\u00e4se\n\t\t\t\t\t<\/a>\n\t\t\t\t<a href=\"https:\/\/zibo.nl\/de\/produkte\/zibo-rotierende-unkrautstreicher\/\"  target=\"_self\" itemprop=\"url\">\n\t\t\t\t<img decoding=\"async\" src=\"https:\/\/zibo.nl\/wp-content\/uploads\/bb-plugin\/cache\/Onkruidstrijker-ZIBO-1030x773-1-landscape-65efac9097dfe02f740d744d633453bb-.jpg\" alt=\"Onkruidstrijker-ZIBO--1030x773\" itemprop=\"image\" height=\"773\" width=\"1030\" title=\"Onkruidstrijker-ZIBO--1030x773\" onerror=\"this.style.display='none'\" loading=\"lazy\" \/>\n\t\t\t\t<\/a>\n<h3><a href=\"https:\/\/zibo.nl\/de\/produkte\/zibo-rotierende-unkrautstreicher\/\" target=\"_self\">ZIBO Unkrautstreicher<\/a><\/h3><p>Der ZIBO Unkrautstreicher besteht im Wesentlichen aus einer starren Rolle, die mit spezielem Tuch umwickelt ist.<\/p>\n\t\t\t<a href=\"https:\/\/zibo.nl\/de\/produkte\/zibo-rotierende-unkrautstreicher\/\" target=\"_self\">\n\t\t\t\t\t\t\tMehr \u00fcber <br \/> ZIBO Unkrautstreicher\n\t\t\t\t\t<\/a>\n\t\t\t\t<a href=\"https:\/\/www.zeefbanden.nl\/de\" target=\"_blank\" rel=\"noopener\" itemprop=\"url\">\n\t\t\t\t<img decoding=\"async\" src=\"https:\/\/zibo.nl\/wp-content\/uploads\/bb-plugin\/cache\/zeefbanden-slider7-landscape-959759e21283d24f6f17b19895be91a2-.jpeg\" alt=\"zeefbanden-slider7\" itemprop=\"image\" height=\"625\" width=\"1500\" title=\"zeefbanden-slider7\" onerror=\"this.style.display='none'\" loading=\"lazy\" \/>\n\t\t\t\t<\/a>\n<h3><a href=\"https:\/\/www.zeefbanden.nl\/de\" target=\"_blank\" rel=\"noopener\">Ersatzteile<\/a><\/h3><p>Bereits seit u\u0308ber 50 Jahren ist Zinger Mechanisatie Spezialist fu\u0308r die Lieferung von Siebb\u00e4ndern fu\u0308r Acker- und Gartenbaumaschinen.<\/p>\n\t\t\t<a href=\"https:\/\/www.zeefbanden.nl\/de\" target=\"_blank\" rel=\"noopener\">\n\t\t\t\t\t\t\tMehr \u00fcber <br \/>ZIBO ersatzteile \n\t\t\t<\/a>\n\t\t\t\t<a href=\"https:\/\/zibo.nl\/de\/produkte\/fall-breakers\/\" target=\"_self\" itemprop=\"url\">\n\t\t\t\t<img decoding=\"async\" src=\"https:\/\/zibo.nl\/wp-content\/uploads\/bb-plugin\/cache\/Valbrekers_uitgelicht-e1689058126508-705x596-1-landscape-6d2e6baefb1f2077b34b29032d47e9a8-.jpg\" alt=\"Valbrekers_uitgelicht-e1689058126508-705x596\" itemprop=\"image\" height=\"596\" width=\"705\" title=\"Valbrekers_uitgelicht-e1689058126508-705x596\" onerror=\"this.style.display='none'\" loading=\"lazy\" \/>\n\t\t\t\t<\/a>\n<h3><a href=\"https:\/\/zibo.nl\/de\/produkte\/fall-breakers\/\" target=\"_self\">ZIBO valbrekers<\/a><\/h3><p>ZIBO valbrekers f\u00fcr auf mehrere Marken BunkerroderMontage. Diese valbrekers sind einfach bestehende Harvester aufbauen.<\/p>\n\t\t\t<a href=\"https:\/\/zibo.nl\/de\/produkte\/fall-breakers\/\" target=\"_self\">\n\t\t\t\t\t\t\tMehr \u00fcber <br \/>ZIBO Fall breakers\n\t\t\t\t\t<\/a>\n\t\t\t<a href=\"https:\/\/zibo.nl\/de\/zibo-produkte\/\" target=\"_self\">\n\t\t\t\t\t\t\tAlle unsere Produkte\n\t\t\t\t\t<\/a>\n<h2>\n\t\t\tWHATSAPP ZIBO LAGER\t<\/h2>\n\t<p><strong>Das Lager von ZIBO (Zinger Mechanization) hat jetzt eine eigene WhatsApp-Nummer: +31644760920<\/strong><\/p>\n<p><img loading=\"lazy\" decoding=\"async\" src=\"https:\/\/zibo.nl\/wp-content\/uploads\/2023\/10\/zibo-whatsapp-300x300.png\" alt=\"\" width=\"300\" height=\"300\" \/><\/p>\n<p>Die oben angegebene Telefonnummer dient nur zum Versenden von Fotos und \/ oder Bestellungen im Lager.<\/p>\n<p>Gerne unterst\u00fctze wir Sie bei Informationen und \/ oder weiteren Fragen zu Maschinen etc.<\/p>\n\t\t\t<a href=\"https:\/\/wa.me\/0031644760920\" target=\"_blank\" rel=\"noopener\">\n\t\t\t\t\t\t\tWhatsApp jetzt\n\t\t\t\t\t<\/a>\n<h2>\n\t\t\tFORDERN SIE HIER DEN ZIEBO SIEBBANDER KATALOG HIER AN\t<\/h2>\n\t<p><strong><img loading=\"lazy\" decoding=\"async\" src=\"https:\/\/zibo.nl\/wp-content\/uploads\/2023\/10\/ZIBO-mockup-catalogus-600px-236x300.png\" alt=\"\" width=\"260\" height=\"330\" \/><\/strong><\/p>\n<p><strong>Bereits seit u\u0308ber 50 Jahren ist Zinger Mechanisatie Spezialist fu\u0308r die Lieferung von Siebb\u00e4ndern fu\u0308r Acker- und Gartenbaumaschinen. Auch in anderen Branchen, z. B in der Fischerei und in der Industrie, kommen Siebb\u00e4nder zum Einsatz.<\/strong><\/p>\n<p>Der vorliegende Katalog enth\u00e4lt alle M\u00f6glichkeiten fu\u0308r Sieb- und F\u00f6rderb\u00e4nder, Antriebsr\u00e4der, Stu\u0308tzrollen, Zubeh\u00f6r und Verschlei\u00dfteile.<\/p>\n\t\t\t<a href=\"http:\/\/www.zeefbanden.nl\/de\/catalogue\/\" target=\"_blank\" rel=\"noopener\">\n\t\t\t\t\t\t\tFordern sie den katalog an\n\t\t\t\t\t<\/a>\n<h2>\n\t\t\tNachrichten\t<\/h2>\n\n","protected":false},"excerpt":{"rendered":"<p>Zinger Mechanisatie Zinger ist Ihr kompetenter Fachpartner in Sachen Maschinen, Ersatzteile, und Bedarfsg\u00fcter im Agrarsektor Zinger ist Produzent von ZIBO Maschinen und bietet eine lange Produktliste an. Zus\u00e4tzlich zum Programm produziert Zinger aber auch individuell Maschinen nach Ihren pers\u00f6nlichen Vorstellungen. Zus\u00e4tzlich ist Zinger Importeur diverser Markenmaschinen. R\u00fcben und Kartoffeln sind das Spezialgebiet von Zinger. Durch&hellip;<\/p>\n","protected":false},"author":1,"featured_media":0,"parent":0,"menu_order":0,"comment_status":"closed","ping_status":"closed","template":"","meta":{"_acf_changed":false,"footnotes":""},"class_list":["post-19104","page","type-page","status-publish","hentry"],"acf":[],"_links":{"self":[{"href":"https:\/\/zibo.nl\/de\/wp-json\/wp\/v2\/pages\/19104","targetHints":{"allow":["GET"]}}],"collection":[{"href":"https:\/\/zibo.nl\/de\/wp-json\/wp\/v2\/pages"}],"about":[{"href":"https:\/\/zibo.nl\/de\/wp-json\/wp\/v2\/types\/page"}],"author":[{"embeddable":true,"href":"https:\/\/zibo.nl\/de\/wp-json\/wp\/v2\/users\/1"}],"replies":[{"embeddable":true,"href":"https:\/\/zibo.nl\/de\/wp-json\/wp\/v2\/comments?post=19104"}],"version-history":[{"count":14,"href":"https:\/\/zibo.nl\/de\/wp-json\/wp\/v2\/pages\/19104\/revisions"}],"predecessor-version":[{"id":22178,"href":"https:\/\/zibo.nl\/de\/wp-json\/wp\/v2\/pages\/19104\/revisions\/22178"}],"wp:attachment":[{"href":"https:\/\/zibo.nl\/de\/wp-json\/wp\/v2\/media?parent=19104"}],"curies":[{"name":"wp","href":"https:\/\/api.w.org\/{rel}","templated":true}]}}